{"id":7489,"date":"2022-06-13T15:37:00","date_gmt":"2022-06-13T15:37:00","guid":{"rendered":"https:\/\/tourisme.iledorleans.com\/constellations\/"},"modified":"2023-01-09T20:53:53","modified_gmt":"2023-01-09T20:53:53","slug":"constellations","status":"publish","type":"page","link":"https:\/\/tourisme.iledorleans.com\/en\/constellations\/","title":{"rendered":"LITTORAL"},"content":{"rendered":"\n<p class=\"has-text-align-center\">Download our free mobile app from <a href=\"https:\/\/play.google.com\/store\/apps\/details?id=ca.altkey.idol\" target=\"_blank\" rel=\"noreferrer noopener\">Google Play<\/a> or <a href=\"https:\/\/apps.apple.com\/ca\/app\/littoral-constellations\/id1627303118\" target=\"_blank\" rel=\"noreferrer noopener\">Apple Store<\/a><\/p>\n\n\n\n<h2 class=\"has-text-align-center wp-block-heading\">The Constellations of \u00cele d\u2019Orl\u00e9ans<\/h2>\n\n\n\n<p class=\"has-text-align-center\">\u00cele d&#8217;Orl\u00e9ans keeps secrets, treasures of nature, anecdotes of sailors, embroidered houses, moving memories, joyful encounters, artistic breaths, legends of wizards. The Island is the guardian of thousands of stories. What if these stories were told to you during a walk along the coast?<\/p>\n\n\n\n<p class=\"has-text-align-center\">In addition to the interpretative panels present on the island, illustrating and relating in a factual way aspects of its history, the LITTORAL application offers a more intimate narration, a portrait and an awareness of the territory through the eyes and the hearts of those who inhabit it. Like a postal letter, an anecdote told, a diary, the circuits become a pretext to tell a multitude of testimonies on the beauty of everyday life and the intrinsic poetry of the island.<\/p>\n\n\n\n<h3 class=\"has-text-align-center wp-block-heading\">Interpretative walking routes<\/h3>\n\n\n\n<p class=\"has-text-align-center\">The layout of the circuits on a map, punctuated sometimes by loops and sometimes by out-and-back segments, with various landmarks, viewpoints and points of interest, strongly resembles Constellations, which inspired the unifying concept for the project. The constellations are timeless and form a set of connected networks. They become the common thread that evokes insularity. They are lights of the past, contemplated in our present. The Constellations are also means of reference for navigation, one of the founding elements of the island.<\/p>\n\n\n\n<p class=\"has-text-align-center\">Thus, the island will become like a mirror of the sky with its own stories, its own constellations, its relationship to the surrounding river, itself a mirror of the sky. You thus explore a second sky. A unique sky dotted with testimonials, light love stories, living correspondence and singular personalities who have shaped, according to the tides, \u00cele d&#8217;Orl\u00e9ans.<\/p>\n\n\n\n<div style=\"height:30px\" aria-hidden=\"true\" class=\"wp-block-spacer\"><\/div>\n\n\n\n<figure class=\"wp-block-image size-full\"><img loading=\"lazy\" decoding=\"async\" width=\"1024\" height=\"606\" src=\"https:\/\/tourisme.iledorleans.com\/wp-content\/uploads\/2022\/06\/Screen-Shot-2022-04-28-at-8.41-1024x606-1.jpg\" alt=\"Une carte des constellations de l'\u00eele d'Orl\u00e9ans\" class=\"wp-image-7283\" srcset=\"https:\/\/tourisme.iledorleans.com\/wp-content\/uploads\/2022\/06\/Screen-Shot-2022-04-28-at-8.41-1024x606-1.jpg 1024w, https:\/\/tourisme.iledorleans.com\/wp-content\/uploads\/2022\/06\/Screen-Shot-2022-04-28-at-8.41-1024x606-1-300x178.jpg 300w, https:\/\/tourisme.iledorleans.com\/wp-content\/uploads\/2022\/06\/Screen-Shot-2022-04-28-at-8.41-1024x606-1-768x455.jpg 768w, https:\/\/tourisme.iledorleans.com\/wp-content\/uploads\/2022\/06\/Screen-Shot-2022-04-28-at-8.41-1024x606-1-640x379.jpg 640w, https:\/\/tourisme.iledorleans.com\/wp-content\/uploads\/2022\/06\/Screen-Shot-2022-04-28-at-8.41-1024x606-1-960x568.jpg 960w, https:\/\/tourisme.iledorleans.com\/wp-content\/uploads\/2022\/06\/Screen-Shot-2022-04-28-at-8.41-1024x606-1-335x198.jpg 335w, https:\/\/tourisme.iledorleans.com\/wp-content\/uploads\/2022\/06\/Screen-Shot-2022-04-28-at-8.41-1024x606-1-670x397.jpg 670w\" sizes=\"auto, (max-width: 1024px) 100vw, 1024px\" \/><\/figure>\n\n\n\n<div style=\"height:30px\" aria-hidden=\"true\" class=\"wp-block-spacer\"><\/div>\n\n\n\n<p>The MRC of \u00cele d\u2019Orl\u00e9ans is the initiator of this coastal enhancement project, and has benefited from the collaboration of municipalities, residents who have contributed to the interpretive content and member tourism businesses. <a href=\"https:\/\/www.youtube.com\/watch?v=_qsGUZEqz1U\" target=\"_blank\" rel=\"noreferrer noopener\">Watch the steps that led to the realization of the project.<\/a><\/p>\n\n\n\n<p>The following consulting firms have contributed to the various phases of the project&#8217;s development, from the identification of segments of the coast accessible on foot, to the development of the mobile application, including the elaboration of the concept and the interpretative content: Nature Qu\u00e9bec, Cultura, Hybride Paysage and the Escargo Collective with Genevi\u00e8ve Murray museologist, the Ethnological and Multimedia Investigation Laboratory (LEEM) of Laval University and Altkey.<\/p>\n\n\n\n<p>This project was made possible thanks to the financial participation of the Government of Quebec, through its Ministry of Culture and Communications and Ministry of Tourism, the partners of the Agreement on the Landscape of the Capitale-Nationale, Destination Qu\u00e9bec city and the MRC of Ile d&#8217;Orleans.<\/p>\n\n\n\n<div style=\"height:30px\" aria-hidden=\"true\" class=\"wp-block-spacer\"><\/div>\n\n\n\n<figure class=\"wp-block-image size-large\"><img loading=\"lazy\" decoding=\"async\" width=\"1024\" height=\"116\" src=\"https:\/\/tourisme.iledorleans.com\/wp-content\/uploads\/2022\/06\/partenaires2-1024x116.png\" alt=\"\" class=\"wp-image-7387\" srcset=\"https:\/\/tourisme.iledorleans.com\/wp-content\/uploads\/2022\/06\/partenaires2-1024x116.png 1024w, https:\/\/tourisme.iledorleans.com\/wp-content\/uploads\/2022\/06\/partenaires2-300x34.png 300w, https:\/\/tourisme.iledorleans.com\/wp-content\/uploads\/2022\/06\/partenaires2-768x87.png 768w, https:\/\/tourisme.iledorleans.com\/wp-content\/uploads\/2022\/06\/partenaires2-640x73.png 640w, https:\/\/tourisme.iledorleans.com\/wp-content\/uploads\/2022\/06\/partenaires2-960x109.png 960w, https:\/\/tourisme.iledorleans.com\/wp-content\/uploads\/2022\/06\/partenaires2-335x38.png 335w, https:\/\/tourisme.iledorleans.com\/wp-content\/uploads\/2022\/06\/partenaires2-670x76.png 670w, https:\/\/tourisme.iledorleans.com\/wp-content\/uploads\/2022\/06\/partenaires2.png 1064w\" sizes=\"auto, (max-width: 1024px) 100vw, 1024px\" \/><\/figure>\n\n\n\n<div style=\"height:30px\" aria-hidden=\"true\" class=\"wp-block-spacer\"><\/div>\n\n\n\n<h3 class=\"wp-block-heading\">Consult the summary of each of the Constellations<\/h3>\n","protected":false},"excerpt":{"rendered":"Download our free mobile app from Google Play or Apple Store The Constellations of \u00cele d\u2019Orl\u00e9ans \u00cele d&#8217;Orl\u00e9ans keeps secrets, treasures of nature, anecdotes of sailors, embroidered houses, moving memories, joyful encounters, artistic breaths, legends of wizards. The Island is the guardian of thousands of stories. What if these stories were told to you during&#8230; <a class=\"view-article\" href=\"https:\/\/tourisme.iledorleans.com\/en\/constellations\/\">View Article<\/a>","protected":false},"author":1,"featured_media":7207,"parent":0,"menu_order":0,"comment_status":"closed","ping_status":"closed","template":"page-littoral.php","meta":{"_acf_changed":false,"inline_featured_image":false,"footnotes":""},"class_list":["post-7489","page","type-page","status-publish","has-post-thumbnail","hentry"],"acf":[],"yoast_head":"<!-- This site is optimized with the Yoast SEO plugin v26.3 - https:\/\/yoast.com\/wordpress\/plugins\/seo\/ -->\n<title>LITTORAL - \u00cele d&#039;Orl\u00e9ans<\/title>\n<meta name=\"robots\" content=\"index, follow, max-snippet:-1, max-image-preview:large, max-video-preview:-1\" \/>\n<link rel=\"canonical\" href=\"https:\/\/tourisme.iledorleans.com\/en\/constellations\/\" \/>\n<meta property=\"og:locale\" content=\"en_US\" \/>\n<meta property=\"og:type\" content=\"article\" \/>\n<meta property=\"og:title\" content=\"LITTORAL - \u00cele d&#039;Orl\u00e9ans\" \/>\n<meta property=\"og:description\" content=\"Download our free mobile app from Google Play or Apple Store The Constellations of \u00cele d\u2019Orl\u00e9ans \u00cele d&#8217;Orl\u00e9ans keeps secrets, treasures of nature, anecdotes of sailors, embroidered houses, moving memories, joyful encounters, artistic breaths, legends of wizards. The Island is the guardian of thousands of stories. What if these stories were told to you during... View Article\" \/>\n<meta property=\"og:url\" content=\"https:\/\/tourisme.iledorleans.com\/en\/constellations\/\" \/>\n<meta property=\"og:site_name\" content=\"\u00cele d&#039;Orl\u00e9ans\" \/>\n<meta property=\"article:modified_time\" content=\"2023-01-09T20:53:53+00:00\" \/>\n<meta property=\"og:image\" content=\"https:\/\/tourisme.iledorleans.com\/wp-content\/uploads\/2022\/06\/application.png\" \/>\n\t<meta property=\"og:image:width\" content=\"924\" \/>\n\t<meta property=\"og:image:height\" content=\"447\" \/>\n\t<meta property=\"og:image:type\" content=\"image\/png\" \/>\n<meta name=\"twitter:card\" content=\"summary_large_image\" \/>\n<meta name=\"twitter:label1\" content=\"Est. reading time\" \/>\n\t<meta name=\"twitter:data1\" content=\"3 minutes\" \/>\n<script type=\"application\/ld+json\" class=\"yoast-schema-graph\">{\"@context\":\"https:\/\/schema.org\",\"@graph\":[{\"@type\":\"WebPage\",\"@id\":\"https:\/\/tourisme.iledorleans.com\/en\/constellations\/\",\"url\":\"https:\/\/tourisme.iledorleans.com\/en\/constellations\/\",\"name\":\"LITTORAL - \u00cele d&#039;Orl\u00e9ans\",\"isPartOf\":{\"@id\":\"https:\/\/tourisme.iledorleans.com\/en\/#website\"},\"primaryImageOfPage\":{\"@id\":\"https:\/\/tourisme.iledorleans.com\/en\/constellations\/#primaryimage\"},\"image\":{\"@id\":\"https:\/\/tourisme.iledorleans.com\/en\/constellations\/#primaryimage\"},\"thumbnailUrl\":\"https:\/\/tourisme.iledorleans.com\/wp-content\/uploads\/2022\/06\/application.png\",\"datePublished\":\"2022-06-13T15:37:00+00:00\",\"dateModified\":\"2023-01-09T20:53:53+00:00\",\"breadcrumb\":{\"@id\":\"https:\/\/tourisme.iledorleans.com\/en\/constellations\/#breadcrumb\"},\"inLanguage\":\"en-US\",\"potentialAction\":[{\"@type\":\"ReadAction\",\"target\":[\"https:\/\/tourisme.iledorleans.com\/en\/constellations\/\"]}]},{\"@type\":\"ImageObject\",\"inLanguage\":\"en-US\",\"@id\":\"https:\/\/tourisme.iledorleans.com\/en\/constellations\/#primaryimage\",\"url\":\"https:\/\/tourisme.iledorleans.com\/wp-content\/uploads\/2022\/06\/application.png\",\"contentUrl\":\"https:\/\/tourisme.iledorleans.com\/wp-content\/uploads\/2022\/06\/application.png\",\"width\":924,\"height\":447,\"caption\":\"LITTORAL - Les Constellations de l'\u00cele d'Orl\u00e9ans\"},{\"@type\":\"BreadcrumbList\",\"@id\":\"https:\/\/tourisme.iledorleans.com\/en\/constellations\/#breadcrumb\",\"itemListElement\":[{\"@type\":\"ListItem\",\"position\":1,\"name\":\"Accueil\",\"item\":\"https:\/\/tourisme.iledorleans.com\/en\/\"},{\"@type\":\"ListItem\",\"position\":2,\"name\":\"LITTORAL\"}]},{\"@type\":\"WebSite\",\"@id\":\"https:\/\/tourisme.iledorleans.com\/en\/#website\",\"url\":\"https:\/\/tourisme.iledorleans.com\/en\/\",\"name\":\"\u00cele d&#039;Orl\u00e9ans\",\"description\":\"\",\"potentialAction\":[{\"@type\":\"SearchAction\",\"target\":{\"@type\":\"EntryPoint\",\"urlTemplate\":\"https:\/\/tourisme.iledorleans.com\/en\/?s={search_term_string}\"},\"query-input\":{\"@type\":\"PropertyValueSpecification\",\"valueRequired\":true,\"valueName\":\"search_term_string\"}}],\"inLanguage\":\"en-US\"}]}<\/script>\n<!-- \/ Yoast SEO plugin. -->","yoast_head_json":{"title":"LITTORAL - \u00cele d&#039;Orl\u00e9ans","robots":{"index":"index","follow":"follow","max-snippet":"max-snippet:-1","max-image-preview":"max-image-preview:large","max-video-preview":"max-video-preview:-1"},"canonical":"https:\/\/tourisme.iledorleans.com\/en\/constellations\/","og_locale":"en_US","og_type":"article","og_title":"LITTORAL - \u00cele d&#039;Orl\u00e9ans","og_description":"Download our free mobile app from Google Play or Apple Store The Constellations of \u00cele d\u2019Orl\u00e9ans \u00cele d&#8217;Orl\u00e9ans keeps secrets, treasures of nature, anecdotes of sailors, embroidered houses, moving memories, joyful encounters, artistic breaths, legends of wizards. The Island is the guardian of thousands of stories. What if these stories were told to you during... View Article","og_url":"https:\/\/tourisme.iledorleans.com\/en\/constellations\/","og_site_name":"\u00cele d&#039;Orl\u00e9ans","article_modified_time":"2023-01-09T20:53:53+00:00","og_image":[{"width":924,"height":447,"url":"https:\/\/tourisme.iledorleans.com\/wp-content\/uploads\/2022\/06\/application.png","type":"image\/png"}],"twitter_card":"summary_large_image","twitter_misc":{"Est. reading time":"3 minutes"},"schema":{"@context":"https:\/\/schema.org","@graph":[{"@type":"WebPage","@id":"https:\/\/tourisme.iledorleans.com\/en\/constellations\/","url":"https:\/\/tourisme.iledorleans.com\/en\/constellations\/","name":"LITTORAL - \u00cele d&#039;Orl\u00e9ans","isPartOf":{"@id":"https:\/\/tourisme.iledorleans.com\/en\/#website"},"primaryImageOfPage":{"@id":"https:\/\/tourisme.iledorleans.com\/en\/constellations\/#primaryimage"},"image":{"@id":"https:\/\/tourisme.iledorleans.com\/en\/constellations\/#primaryimage"},"thumbnailUrl":"https:\/\/tourisme.iledorleans.com\/wp-content\/uploads\/2022\/06\/application.png","datePublished":"2022-06-13T15:37:00+00:00","dateModified":"2023-01-09T20:53:53+00:00","breadcrumb":{"@id":"https:\/\/tourisme.iledorleans.com\/en\/constellations\/#breadcrumb"},"inLanguage":"en-US","potentialAction":[{"@type":"ReadAction","target":["https:\/\/tourisme.iledorleans.com\/en\/constellations\/"]}]},{"@type":"ImageObject","inLanguage":"en-US","@id":"https:\/\/tourisme.iledorleans.com\/en\/constellations\/#primaryimage","url":"https:\/\/tourisme.iledorleans.com\/wp-content\/uploads\/2022\/06\/application.png","contentUrl":"https:\/\/tourisme.iledorleans.com\/wp-content\/uploads\/2022\/06\/application.png","width":924,"height":447,"caption":"LITTORAL - Les Constellations de l'\u00cele d'Orl\u00e9ans"},{"@type":"BreadcrumbList","@id":"https:\/\/tourisme.iledorleans.com\/en\/constellations\/#breadcrumb","itemListElement":[{"@type":"ListItem","position":1,"name":"Accueil","item":"https:\/\/tourisme.iledorleans.com\/en\/"},{"@type":"ListItem","position":2,"name":"LITTORAL"}]},{"@type":"WebSite","@id":"https:\/\/tourisme.iledorleans.com\/en\/#website","url":"https:\/\/tourisme.iledorleans.com\/en\/","name":"\u00cele d&#039;Orl\u00e9ans","description":"","potentialAction":[{"@type":"SearchAction","target":{"@type":"EntryPoint","urlTemplate":"https:\/\/tourisme.iledorleans.com\/en\/?s={search_term_string}"},"query-input":{"@type":"PropertyValueSpecification","valueRequired":true,"valueName":"search_term_string"}}],"inLanguage":"en-US"}]}},"_links":{"self":[{"href":"https:\/\/tourisme.iledorleans.com\/en\/wp-json\/wp\/v2\/pages\/7489","targetHints":{"allow":["GET"]}}],"collection":[{"href":"https:\/\/tourisme.iledorleans.com\/en\/wp-json\/wp\/v2\/pages"}],"about":[{"href":"https:\/\/tourisme.iledorleans.com\/en\/wp-json\/wp\/v2\/types\/page"}],"author":[{"embeddable":true,"href":"https:\/\/tourisme.iledorleans.com\/en\/wp-json\/wp\/v2\/users\/1"}],"replies":[{"embeddable":true,"href":"https:\/\/tourisme.iledorleans.com\/en\/wp-json\/wp\/v2\/comments?post=7489"}],"version-history":[{"count":10,"href":"https:\/\/tourisme.iledorleans.com\/en\/wp-json\/wp\/v2\/pages\/7489\/revisions"}],"predecessor-version":[{"id":7815,"href":"https:\/\/tourisme.iledorleans.com\/en\/wp-json\/wp\/v2\/pages\/7489\/revisions\/7815"}],"wp:featuredmedia":[{"embeddable":true,"href":"https:\/\/tourisme.iledorleans.com\/en\/wp-json\/wp\/v2\/media\/7207"}],"wp:attachment":[{"href":"https:\/\/tourisme.iledorleans.com\/en\/wp-json\/wp\/v2\/media?parent=7489"}],"curies":[{"name":"wp","href":"https:\/\/api.w.org\/{rel}","templated":true}]}}