{"id":5971,"date":"2021-01-28T18:47:05","date_gmt":"2021-01-28T18:47:05","guid":{"rendered":"https:\/\/tourisme.iledorleans.com\/?page_id=5971"},"modified":"2026-03-03T14:43:44","modified_gmt":"2026-03-03T14:43:44","slug":"business-partners","status":"publish","type":"page","link":"https:\/\/tourisme.iledorleans.com\/en\/business-partners\/","title":{"rendered":"Business partners"},"content":{"rendered":"\n<p class=\"has-medium-font-size\">Tourisme \u00cele d&#8217;Orl\u00e9ans counts among its business partners companies outside the territory or offering services complementary to tourism.<\/p>\n\n\n    <div class=\"cards-list push-t-xs-40 push-t-lg-80\">\n                    \n            <article class=\"cards-list__item\">\n                <a href=\"https:\/\/www.chambredecommerce.io\/\" target=\"_blank\" title=\"\">\n                 <img loading=\"lazy\" decoding=\"async\" width=\"335\" height=\"335\" src=\"https:\/\/tourisme.iledorleans.com\/wp-content\/uploads\/2021\/02\/Chambre-de-commerces-IO-335x335.png\" class=\"attachment-membre_card_335w size-membre_card_335w\" alt=\"\" srcset=\"https:\/\/tourisme.iledorleans.com\/wp-content\/uploads\/2021\/02\/Chambre-de-commerces-IO-335x335.png 335w, https:\/\/tourisme.iledorleans.com\/wp-content\/uploads\/2021\/02\/Chambre-de-commerces-IO-300x300.png 300w, https:\/\/tourisme.iledorleans.com\/wp-content\/uploads\/2021\/02\/Chambre-de-commerces-IO-150x150.png 150w, https:\/\/tourisme.iledorleans.com\/wp-content\/uploads\/2021\/02\/Chambre-de-commerces-IO-288x288.png 288w, https:\/\/tourisme.iledorleans.com\/wp-content\/uploads\/2021\/02\/Chambre-de-commerces-IO.png 512w\" sizes=\"auto, (max-width: 335px) 100vw, 335px\" \/>                <\/a>\n                <div class=\" cards-list__content\">\n                    <strong class=\"cards-list__title headline-sm color-flamingo\">Chambre de commerce <\/strong>\n                    <p>Business association on \u00cele d&#8217;Orl\u00e9ans<\/p>\n    <\/div>\n    <\/article>\n\n            \n            <article class=\"cards-list__item\">\n                <a href=\"http:\/\/autourdelile.com\/\" target=\"_blank\" title=\"\">\n                 <img loading=\"lazy\" decoding=\"async\" width=\"335\" height=\"457\" src=\"https:\/\/tourisme.iledorleans.com\/wp-content\/uploads\/2026\/02\/Pages-de-Journal-ADI-decembre-2025-Web-335x457.png\" class=\"attachment-membre_card_335w size-membre_card_335w\" alt=\"\" srcset=\"https:\/\/tourisme.iledorleans.com\/wp-content\/uploads\/2026\/02\/Pages-de-Journal-ADI-decembre-2025-Web-335x457.png 335w, https:\/\/tourisme.iledorleans.com\/wp-content\/uploads\/2026\/02\/Pages-de-Journal-ADI-decembre-2025-Web-220x300.png 220w, https:\/\/tourisme.iledorleans.com\/wp-content\/uploads\/2026\/02\/Pages-de-Journal-ADI-decembre-2025-Web-751x1024.png 751w, https:\/\/tourisme.iledorleans.com\/wp-content\/uploads\/2026\/02\/Pages-de-Journal-ADI-decembre-2025-Web-768x1047.png 768w, https:\/\/tourisme.iledorleans.com\/wp-content\/uploads\/2026\/02\/Pages-de-Journal-ADI-decembre-2025-Web-640x872.png 640w, https:\/\/tourisme.iledorleans.com\/wp-content\/uploads\/2026\/02\/Pages-de-Journal-ADI-decembre-2025-Web-670x913.png 670w, https:\/\/tourisme.iledorleans.com\/wp-content\/uploads\/2026\/02\/Pages-de-Journal-ADI-decembre-2025-Web.png 794w\" sizes=\"auto, (max-width: 335px) 100vw, 335px\" \/>                <\/a>\n                <div class=\" cards-list__content\">\n                    <strong class=\"cards-list__title headline-sm color-flamingo\">Journal Autour de l&#8217;\u00cele<\/strong>\n                    <p>Community newspaper for residents and businesses of \u00cele d&#8217;Orl\u00e9ans<\/p>\n    <\/div>\n    <\/article>\n\n            \n            <article class=\"cards-list__item\">\n                <a href=\"http:\/\/capitale-nationale-cote-nord.upa.qc.ca\/upa-de-lile-dorleans\/\" target=\"_blank\" title=\"\">\n                 <img loading=\"lazy\" decoding=\"async\" width=\"335\" height=\"223\" src=\"https:\/\/tourisme.iledorleans.com\/wp-content\/uploads\/2021\/02\/UPA-Capitale-Nationale-Cote-Nord-335x223.jpg\" class=\"attachment-membre_card_335w size-membre_card_335w\" alt=\"\" srcset=\"https:\/\/tourisme.iledorleans.com\/wp-content\/uploads\/2021\/02\/UPA-Capitale-Nationale-Cote-Nord-335x223.jpg 335w, https:\/\/tourisme.iledorleans.com\/wp-content\/uploads\/2021\/02\/UPA-Capitale-Nationale-Cote-Nord-300x200.jpg 300w, https:\/\/tourisme.iledorleans.com\/wp-content\/uploads\/2021\/02\/UPA-Capitale-Nationale-Cote-Nord-768x512.jpg 768w, https:\/\/tourisme.iledorleans.com\/wp-content\/uploads\/2021\/02\/UPA-Capitale-Nationale-Cote-Nord-640x427.jpg 640w, https:\/\/tourisme.iledorleans.com\/wp-content\/uploads\/2021\/02\/UPA-Capitale-Nationale-Cote-Nord-670x447.jpg 670w, https:\/\/tourisme.iledorleans.com\/wp-content\/uploads\/2021\/02\/UPA-Capitale-Nationale-Cote-Nord.jpg 781w\" sizes=\"auto, (max-width: 335px) 100vw, 335px\" \/>                <\/a>\n                <div class=\" cards-list__content\">\n                    <strong class=\"cards-list__title headline-sm color-flamingo\">UPA de l&#8217;\u00cele d&#8217;Orl\u00e9ans<\/strong>\n                    <p>Local UPA branch of the Federation for the greater Capitale-Nationale\/C\u00f4te-Nord region<\/p>\n    <\/div>\n    <\/article>\n\n            \n            <article class=\"cards-list__item\">\n                <a href=\"https:\/\/plumobile.ca\/\" target=\"_blank\" title=\"\">\n                 <img loading=\"lazy\" decoding=\"async\" width=\"335\" height=\"349\" src=\"https:\/\/tourisme.iledorleans.com\/wp-content\/uploads\/2025\/06\/Plumobile-gratuit-2025-335x349.jpg\" class=\"attachment-membre_card_335w size-membre_card_335w\" alt=\"\" srcset=\"https:\/\/tourisme.iledorleans.com\/wp-content\/uploads\/2025\/06\/Plumobile-gratuit-2025-335x349.jpg 335w, https:\/\/tourisme.iledorleans.com\/wp-content\/uploads\/2025\/06\/Plumobile-gratuit-2025-288x300.jpg 288w, https:\/\/tourisme.iledorleans.com\/wp-content\/uploads\/2025\/06\/Plumobile-gratuit-2025-984x1024.jpg 984w, https:\/\/tourisme.iledorleans.com\/wp-content\/uploads\/2025\/06\/Plumobile-gratuit-2025-768x799.jpg 768w, https:\/\/tourisme.iledorleans.com\/wp-content\/uploads\/2025\/06\/Plumobile-gratuit-2025-640x666.jpg 640w, https:\/\/tourisme.iledorleans.com\/wp-content\/uploads\/2025\/06\/Plumobile-gratuit-2025-960x999.jpg 960w, https:\/\/tourisme.iledorleans.com\/wp-content\/uploads\/2025\/06\/Plumobile-gratuit-2025-1280x1332.jpg 1280w, https:\/\/tourisme.iledorleans.com\/wp-content\/uploads\/2025\/06\/Plumobile-gratuit-2025-670x697.jpg 670w, https:\/\/tourisme.iledorleans.com\/wp-content\/uploads\/2025\/06\/Plumobile-gratuit-2025.jpg 1470w\" sizes=\"auto, (max-width: 335px) 100vw, 335px\" \/>                <\/a>\n                <div class=\" cards-list__content\">\n                    <strong class=\"cards-list__title headline-sm color-flamingo\">PLUmobile Organisateur de d\u00e9placements<\/strong>\n                        <\/div>\n    <\/article>\n\n            \n            <article class=\"cards-list__item\">\n                <a href=\"https:\/\/renderrush.digital.vistaprint.io\/s\/AzRsO-KjqTKWYrNlAf3t7\" target=\"\" title=\"\">\n                 <img loading=\"lazy\" decoding=\"async\" width=\"335\" height=\"335\" src=\"https:\/\/tourisme.iledorleans.com\/wp-content\/uploads\/2026\/02\/Logo-Solutions-HT-Nettoyage-1-335x335.png\" class=\"attachment-membre_card_335w size-membre_card_335w\" alt=\"\" srcset=\"https:\/\/tourisme.iledorleans.com\/wp-content\/uploads\/2026\/02\/Logo-Solutions-HT-Nettoyage-1-335x335.png 335w, https:\/\/tourisme.iledorleans.com\/wp-content\/uploads\/2026\/02\/Logo-Solutions-HT-Nettoyage-1-300x300.png 300w, https:\/\/tourisme.iledorleans.com\/wp-content\/uploads\/2026\/02\/Logo-Solutions-HT-Nettoyage-1-1024x1024.png 1024w, https:\/\/tourisme.iledorleans.com\/wp-content\/uploads\/2026\/02\/Logo-Solutions-HT-Nettoyage-1-150x150.png 150w, https:\/\/tourisme.iledorleans.com\/wp-content\/uploads\/2026\/02\/Logo-Solutions-HT-Nettoyage-1-768x768.png 768w, https:\/\/tourisme.iledorleans.com\/wp-content\/uploads\/2026\/02\/Logo-Solutions-HT-Nettoyage-1-640x640.png 640w, https:\/\/tourisme.iledorleans.com\/wp-content\/uploads\/2026\/02\/Logo-Solutions-HT-Nettoyage-1-960x960.png 960w, https:\/\/tourisme.iledorleans.com\/wp-content\/uploads\/2026\/02\/Logo-Solutions-HT-Nettoyage-1-670x670.png 670w, https:\/\/tourisme.iledorleans.com\/wp-content\/uploads\/2026\/02\/Logo-Solutions-HT-Nettoyage-1-288x288.png 288w, https:\/\/tourisme.iledorleans.com\/wp-content\/uploads\/2026\/02\/Logo-Solutions-HT-Nettoyage-1-576x576.png 576w, https:\/\/tourisme.iledorleans.com\/wp-content\/uploads\/2026\/02\/Logo-Solutions-HT-Nettoyage-1.png 1200w\" sizes=\"auto, (max-width: 335px) 100vw, 335px\" \/>                <\/a>\n                <div class=\" cards-list__content\">\n                    <strong class=\"cards-list__title headline-sm color-flamingo\">SolutionsHT Nettoyage<\/strong>\n                    <p>Housekeeping services serving \u00cele d&#8217;Orl\u00e9ans and the Quebec City region.<br \/>\nWe offer professional cleaning services for tourist accommodations, residences, and businesses, including regular maintenance, between-stay cleaning, deep cleaning, and much more. Reliability, attention to detail, and respect for your property are at the heart of our approach.<\/p>\n    <\/div>\n    <\/article>\n\n<\/div>\n\n\n  <h2 class=\"headline-md center-xs push-t-xs-40 push-t-lg-80\">Partner tourist associations<\/h2>\n  <div class=\"row logos-list push-t-xs-30 push-t-lg-50\">\n                        <div class=\"push-b-xs-30 col-xs-4 logos-list__item col-md-3  center-xs middle-xs\">\n          <a href=\"https:\/\/www.quebec-cite.com\/\" target=\"_blank\" title=\"\" class=\"logos-list__item\">\n            <img loading=\"lazy\" decoding=\"async\" width=\"335\" height=\"168\" src=\"https:\/\/tourisme.iledorleans.com\/wp-content\/uploads\/2021\/02\/qc-cite-otq-rvb-fr-335x168.jpg\" class=\"attachment-membre_card_335w size-membre_card_335w\" alt=\"\" srcset=\"https:\/\/tourisme.iledorleans.com\/wp-content\/uploads\/2021\/02\/qc-cite-otq-rvb-fr-335x168.jpg 335w, https:\/\/tourisme.iledorleans.com\/wp-content\/uploads\/2021\/02\/qc-cite-otq-rvb-fr-300x150.jpg 300w, https:\/\/tourisme.iledorleans.com\/wp-content\/uploads\/2021\/02\/qc-cite-otq-rvb-fr-1024x512.jpg 1024w, https:\/\/tourisme.iledorleans.com\/wp-content\/uploads\/2021\/02\/qc-cite-otq-rvb-fr-768x384.jpg 768w, https:\/\/tourisme.iledorleans.com\/wp-content\/uploads\/2021\/02\/qc-cite-otq-rvb-fr-1536x768.jpg 1536w, https:\/\/tourisme.iledorleans.com\/wp-content\/uploads\/2021\/02\/qc-cite-otq-rvb-fr-640x320.jpg 640w, https:\/\/tourisme.iledorleans.com\/wp-content\/uploads\/2021\/02\/qc-cite-otq-rvb-fr-960x480.jpg 960w, https:\/\/tourisme.iledorleans.com\/wp-content\/uploads\/2021\/02\/qc-cite-otq-rvb-fr-1280x640.jpg 1280w, https:\/\/tourisme.iledorleans.com\/wp-content\/uploads\/2021\/02\/qc-cite-otq-rvb-fr-670x335.jpg 670w, https:\/\/tourisme.iledorleans.com\/wp-content\/uploads\/2021\/02\/qc-cite-otq-rvb-fr.jpg 1600w\" sizes=\"auto, (max-width: 335px) 100vw, 335px\" \/>          <\/a>\n        <\/div>\n      \n                        <div class=\"push-b-xs-30 col-xs-4 logos-list__item col-md-3  center-xs middle-xs\">\n          <a href=\"https:\/\/www.ahrq.ca\/\" target=\"_blank\" title=\"\" class=\"logos-list__item\">\n            <img loading=\"lazy\" decoding=\"async\" width=\"335\" height=\"199\" src=\"https:\/\/tourisme.iledorleans.com\/wp-content\/uploads\/2021\/02\/AHRQ_logo-335x199.jpg\" class=\"attachment-membre_card_335w size-membre_card_335w\" alt=\"\" srcset=\"https:\/\/tourisme.iledorleans.com\/wp-content\/uploads\/2021\/02\/AHRQ_logo-335x199.jpg 335w, https:\/\/tourisme.iledorleans.com\/wp-content\/uploads\/2021\/02\/AHRQ_logo-300x178.jpg 300w, https:\/\/tourisme.iledorleans.com\/wp-content\/uploads\/2021\/02\/AHRQ_logo.jpg 611w\" sizes=\"auto, (max-width: 335px) 100vw, 335px\" \/>          <\/a>\n        <\/div>\n      \n                        <div class=\"push-b-xs-30 col-xs-4 logos-list__item col-md-3  center-xs middle-xs\">\n          <a href=\"https:\/\/quebecregiongourmande.com\/\" target=\"_blank\" title=\"\" class=\"logos-list__item\">\n            <img loading=\"lazy\" decoding=\"async\" width=\"335\" height=\"347\" src=\"https:\/\/tourisme.iledorleans.com\/wp-content\/uploads\/2021\/02\/Qc-Region-Gourmande-Logo-Web-Vertical-RGB-10x-335x347.png\" class=\"attachment-membre_card_335w size-membre_card_335w\" alt=\"\" srcset=\"https:\/\/tourisme.iledorleans.com\/wp-content\/uploads\/2021\/02\/Qc-Region-Gourmande-Logo-Web-Vertical-RGB-10x-335x347.png 335w, https:\/\/tourisme.iledorleans.com\/wp-content\/uploads\/2021\/02\/Qc-Region-Gourmande-Logo-Web-Vertical-RGB-10x-289x300.png 289w, https:\/\/tourisme.iledorleans.com\/wp-content\/uploads\/2021\/02\/Qc-Region-Gourmande-Logo-Web-Vertical-RGB-10x-987x1024.png 987w, https:\/\/tourisme.iledorleans.com\/wp-content\/uploads\/2021\/02\/Qc-Region-Gourmande-Logo-Web-Vertical-RGB-10x-768x797.png 768w, https:\/\/tourisme.iledorleans.com\/wp-content\/uploads\/2021\/02\/Qc-Region-Gourmande-Logo-Web-Vertical-RGB-10x-1481x1536.png 1481w, https:\/\/tourisme.iledorleans.com\/wp-content\/uploads\/2021\/02\/Qc-Region-Gourmande-Logo-Web-Vertical-RGB-10x-640x664.png 640w, https:\/\/tourisme.iledorleans.com\/wp-content\/uploads\/2021\/02\/Qc-Region-Gourmande-Logo-Web-Vertical-RGB-10x-960x996.png 960w, https:\/\/tourisme.iledorleans.com\/wp-content\/uploads\/2021\/02\/Qc-Region-Gourmande-Logo-Web-Vertical-RGB-10x-1280x1328.png 1280w, https:\/\/tourisme.iledorleans.com\/wp-content\/uploads\/2021\/02\/Qc-Region-Gourmande-Logo-Web-Vertical-RGB-10x-670x695.png 670w, https:\/\/tourisme.iledorleans.com\/wp-content\/uploads\/2021\/02\/Qc-Region-Gourmande-Logo-Web-Vertical-RGB-10x.png 1851w\" sizes=\"auto, (max-width: 335px) 100vw, 335px\" \/>          <\/a>\n        <\/div>\n      \n                        <div class=\"push-b-xs-30 col-xs-4 logos-list__item col-md-3  center-xs middle-xs\">\n          <a href=\"https:\/\/plusbeauxvillages.ca\/\" target=\"_blank\" title=\"\" class=\"logos-list__item\">\n            <img loading=\"lazy\" decoding=\"async\" width=\"335\" height=\"275\" src=\"https:\/\/tourisme.iledorleans.com\/wp-content\/uploads\/2024\/05\/cropped-logo-beaux-villages-2024-1-335x275.png\" class=\"attachment-membre_card_335w size-membre_card_335w\" alt=\"\" srcset=\"https:\/\/tourisme.iledorleans.com\/wp-content\/uploads\/2024\/05\/cropped-logo-beaux-villages-2024-1-335x275.png 335w, https:\/\/tourisme.iledorleans.com\/wp-content\/uploads\/2024\/05\/cropped-logo-beaux-villages-2024-1-300x247.png 300w, https:\/\/tourisme.iledorleans.com\/wp-content\/uploads\/2024\/05\/cropped-logo-beaux-villages-2024-1-640x526.png 640w, https:\/\/tourisme.iledorleans.com\/wp-content\/uploads\/2024\/05\/cropped-logo-beaux-villages-2024-1-670x551.png 670w, https:\/\/tourisme.iledorleans.com\/wp-content\/uploads\/2024\/05\/cropped-logo-beaux-villages-2024-1.png 730w\" sizes=\"auto, (max-width: 335px) 100vw, 335px\" \/>          <\/a>\n        <\/div>\n      \n      <\/div>\n","protected":false},"excerpt":{"rendered":"Tourisme \u00cele d&#8217;Orl\u00e9ans counts among its business partners companies outside the territory or offering services complementary to tourism.","protected":false},"author":1,"featured_media":5791,"parent":0,"menu_order":0,"comment_status":"closed","ping_status":"closed","template":"","meta":{"_acf_changed":false,"inline_featured_image":false,"footnotes":""},"class_list":["post-5971","page","type-page","status-publish","has-post-thumbnail","hentry"],"acf":[],"yoast_head":"<!-- This site is optimized with the Yoast SEO plugin v26.3 - https:\/\/yoast.com\/wordpress\/plugins\/seo\/ -->\n<title>Business partners - \u00cele d&#039;Orl\u00e9ans<\/title>\n<meta name=\"robots\" content=\"index, follow, max-snippet:-1, max-image-preview:large, max-video-preview:-1\" \/>\n<link rel=\"canonical\" href=\"https:\/\/tourisme.iledorleans.com\/en\/business-partners\/\" \/>\n<meta property=\"og:locale\" content=\"en_US\" \/>\n<meta property=\"og:type\" content=\"article\" \/>\n<meta property=\"og:title\" content=\"Business partners - \u00cele d&#039;Orl\u00e9ans\" \/>\n<meta property=\"og:description\" content=\"Tourisme \u00cele d&#8217;Orl\u00e9ans counts among its business partners companies outside the territory or offering services complementary to tourism.\" \/>\n<meta property=\"og:url\" content=\"https:\/\/tourisme.iledorleans.com\/en\/business-partners\/\" \/>\n<meta property=\"og:site_name\" content=\"\u00cele d&#039;Orl\u00e9ans\" \/>\n<meta property=\"article:modified_time\" content=\"2026-03-03T14:43:44+00:00\" \/>\n<meta property=\"og:image\" content=\"https:\/\/tourisme.iledorleans.com\/wp-content\/uploads\/2011\/06\/Isle-de-Baccus-64-sur-68-1024x683.jpg\" \/>\n\t<meta property=\"og:image:width\" content=\"1024\" \/>\n\t<meta property=\"og:image:height\" content=\"683\" \/>\n\t<meta property=\"og:image:type\" content=\"image\/jpeg\" \/>\n<meta name=\"twitter:card\" content=\"summary_large_image\" \/>\n<meta name=\"twitter:label1\" content=\"Est. reading time\" \/>\n\t<meta name=\"twitter:data1\" content=\"1 minute\" \/>\n<script type=\"application\/ld+json\" class=\"yoast-schema-graph\">{\"@context\":\"https:\/\/schema.org\",\"@graph\":[{\"@type\":\"WebPage\",\"@id\":\"https:\/\/tourisme.iledorleans.com\/en\/business-partners\/\",\"url\":\"https:\/\/tourisme.iledorleans.com\/en\/business-partners\/\",\"name\":\"Business partners - \u00cele d&#039;Orl\u00e9ans\",\"isPartOf\":{\"@id\":\"https:\/\/tourisme.iledorleans.com\/en\/#website\"},\"primaryImageOfPage\":{\"@id\":\"https:\/\/tourisme.iledorleans.com\/en\/business-partners\/#primaryimage\"},\"image\":{\"@id\":\"https:\/\/tourisme.iledorleans.com\/en\/business-partners\/#primaryimage\"},\"thumbnailUrl\":\"https:\/\/tourisme.iledorleans.com\/wp-content\/uploads\/2011\/06\/Isle-de-Baccus-64-sur-68.jpg\",\"datePublished\":\"2021-01-28T18:47:05+00:00\",\"dateModified\":\"2026-03-03T14:43:44+00:00\",\"breadcrumb\":{\"@id\":\"https:\/\/tourisme.iledorleans.com\/en\/business-partners\/#breadcrumb\"},\"inLanguage\":\"en-US\",\"potentialAction\":[{\"@type\":\"ReadAction\",\"target\":[\"https:\/\/tourisme.iledorleans.com\/en\/business-partners\/\"]}]},{\"@type\":\"ImageObject\",\"inLanguage\":\"en-US\",\"@id\":\"https:\/\/tourisme.iledorleans.com\/en\/business-partners\/#primaryimage\",\"url\":\"https:\/\/tourisme.iledorleans.com\/wp-content\/uploads\/2011\/06\/Isle-de-Baccus-64-sur-68.jpg\",\"contentUrl\":\"https:\/\/tourisme.iledorleans.com\/wp-content\/uploads\/2011\/06\/Isle-de-Baccus-64-sur-68.jpg\",\"width\":2560,\"height\":1707,\"caption\":\"Cr\u00e9dit photo: S\u00e9baztien Girard\"},{\"@type\":\"BreadcrumbList\",\"@id\":\"https:\/\/tourisme.iledorleans.com\/en\/business-partners\/#breadcrumb\",\"itemListElement\":[{\"@type\":\"ListItem\",\"position\":1,\"name\":\"Accueil\",\"item\":\"https:\/\/tourisme.iledorleans.com\/en\/\"},{\"@type\":\"ListItem\",\"position\":2,\"name\":\"Business partners\"}]},{\"@type\":\"WebSite\",\"@id\":\"https:\/\/tourisme.iledorleans.com\/en\/#website\",\"url\":\"https:\/\/tourisme.iledorleans.com\/en\/\",\"name\":\"\u00cele d&#039;Orl\u00e9ans\",\"description\":\"\",\"potentialAction\":[{\"@type\":\"SearchAction\",\"target\":{\"@type\":\"EntryPoint\",\"urlTemplate\":\"https:\/\/tourisme.iledorleans.com\/en\/?s={search_term_string}\"},\"query-input\":{\"@type\":\"PropertyValueSpecification\",\"valueRequired\":true,\"valueName\":\"search_term_string\"}}],\"inLanguage\":\"en-US\"}]}<\/script>\n<!-- \/ Yoast SEO plugin. -->","yoast_head_json":{"title":"Business partners - \u00cele d&#039;Orl\u00e9ans","robots":{"index":"index","follow":"follow","max-snippet":"max-snippet:-1","max-image-preview":"max-image-preview:large","max-video-preview":"max-video-preview:-1"},"canonical":"https:\/\/tourisme.iledorleans.com\/en\/business-partners\/","og_locale":"en_US","og_type":"article","og_title":"Business partners - \u00cele d&#039;Orl\u00e9ans","og_description":"Tourisme \u00cele d&#8217;Orl\u00e9ans counts among its business partners companies outside the territory or offering services complementary to tourism.","og_url":"https:\/\/tourisme.iledorleans.com\/en\/business-partners\/","og_site_name":"\u00cele d&#039;Orl\u00e9ans","article_modified_time":"2026-03-03T14:43:44+00:00","og_image":[{"width":1024,"height":683,"url":"https:\/\/tourisme.iledorleans.com\/wp-content\/uploads\/2011\/06\/Isle-de-Baccus-64-sur-68-1024x683.jpg","type":"image\/jpeg"}],"twitter_card":"summary_large_image","twitter_misc":{"Est. reading time":"1 minute"},"schema":{"@context":"https:\/\/schema.org","@graph":[{"@type":"WebPage","@id":"https:\/\/tourisme.iledorleans.com\/en\/business-partners\/","url":"https:\/\/tourisme.iledorleans.com\/en\/business-partners\/","name":"Business partners - \u00cele d&#039;Orl\u00e9ans","isPartOf":{"@id":"https:\/\/tourisme.iledorleans.com\/en\/#website"},"primaryImageOfPage":{"@id":"https:\/\/tourisme.iledorleans.com\/en\/business-partners\/#primaryimage"},"image":{"@id":"https:\/\/tourisme.iledorleans.com\/en\/business-partners\/#primaryimage"},"thumbnailUrl":"https:\/\/tourisme.iledorleans.com\/wp-content\/uploads\/2011\/06\/Isle-de-Baccus-64-sur-68.jpg","datePublished":"2021-01-28T18:47:05+00:00","dateModified":"2026-03-03T14:43:44+00:00","breadcrumb":{"@id":"https:\/\/tourisme.iledorleans.com\/en\/business-partners\/#breadcrumb"},"inLanguage":"en-US","potentialAction":[{"@type":"ReadAction","target":["https:\/\/tourisme.iledorleans.com\/en\/business-partners\/"]}]},{"@type":"ImageObject","inLanguage":"en-US","@id":"https:\/\/tourisme.iledorleans.com\/en\/business-partners\/#primaryimage","url":"https:\/\/tourisme.iledorleans.com\/wp-content\/uploads\/2011\/06\/Isle-de-Baccus-64-sur-68.jpg","contentUrl":"https:\/\/tourisme.iledorleans.com\/wp-content\/uploads\/2011\/06\/Isle-de-Baccus-64-sur-68.jpg","width":2560,"height":1707,"caption":"Cr\u00e9dit photo: S\u00e9baztien Girard"},{"@type":"BreadcrumbList","@id":"https:\/\/tourisme.iledorleans.com\/en\/business-partners\/#breadcrumb","itemListElement":[{"@type":"ListItem","position":1,"name":"Accueil","item":"https:\/\/tourisme.iledorleans.com\/en\/"},{"@type":"ListItem","position":2,"name":"Business partners"}]},{"@type":"WebSite","@id":"https:\/\/tourisme.iledorleans.com\/en\/#website","url":"https:\/\/tourisme.iledorleans.com\/en\/","name":"\u00cele d&#039;Orl\u00e9ans","description":"","potentialAction":[{"@type":"SearchAction","target":{"@type":"EntryPoint","urlTemplate":"https:\/\/tourisme.iledorleans.com\/en\/?s={search_term_string}"},"query-input":{"@type":"PropertyValueSpecification","valueRequired":true,"valueName":"search_term_string"}}],"inLanguage":"en-US"}]}},"_links":{"self":[{"href":"https:\/\/tourisme.iledorleans.com\/en\/wp-json\/wp\/v2\/pages\/5971","targetHints":{"allow":["GET"]}}],"collection":[{"href":"https:\/\/tourisme.iledorleans.com\/en\/wp-json\/wp\/v2\/pages"}],"about":[{"href":"https:\/\/tourisme.iledorleans.com\/en\/wp-json\/wp\/v2\/types\/page"}],"author":[{"embeddable":true,"href":"https:\/\/tourisme.iledorleans.com\/en\/wp-json\/wp\/v2\/users\/1"}],"replies":[{"embeddable":true,"href":"https:\/\/tourisme.iledorleans.com\/en\/wp-json\/wp\/v2\/comments?post=5971"}],"version-history":[{"count":29,"href":"https:\/\/tourisme.iledorleans.com\/en\/wp-json\/wp\/v2\/pages\/5971\/revisions"}],"predecessor-version":[{"id":12432,"href":"https:\/\/tourisme.iledorleans.com\/en\/wp-json\/wp\/v2\/pages\/5971\/revisions\/12432"}],"wp:featuredmedia":[{"embeddable":true,"href":"https:\/\/tourisme.iledorleans.com\/en\/wp-json\/wp\/v2\/media\/5791"}],"wp:attachment":[{"href":"https:\/\/tourisme.iledorleans.com\/en\/wp-json\/wp\/v2\/media?parent=5971"}],"curies":[{"name":"wp","href":"https:\/\/api.w.org\/{rel}","templated":true}]}}