{"id":5708,"date":"2020-06-22T14:03:06","date_gmt":"2020-06-22T14:03:06","guid":{"rendered":"https:\/\/tourisme.iledorleans.com\/ile-dorleans\/"},"modified":"2023-01-09T20:55:44","modified_gmt":"2023-01-09T20:55:44","slug":"ile-dorleans","status":"publish","type":"page","link":"https:\/\/tourisme.iledorleans.com\/en\/ile-dorleans\/","title":{"rendered":"Ile d&#8217;Orl\u00e9ans"},"content":{"rendered":"\n<p>\u00cele d&#8217;Orl\u00e9ans is located downstream from Quebec City, in the estuary of the St. Lawrence River. It is surrounded by Chemin Royal, which links its six municipalities. <\/p>\n\n\n\n<p>Three roads cross it in width. \u00cele d&#8217;Orl\u00e9ans is a rural area that covers almost the entire island, which is approximately 34 km long and 8 km wide. A central ridge, mostly covered with forest, connects its ends. Its relief is marked by a series of terraces that extend from the banks. The regular subdivision punctuates the landscape. <\/p>\n\n\n\n<p>Seen from the sky, the island appears as a succession of narrow and elongated rectangular lands, which are arranged on either side of a longitudinal line and which face the St. Lawrence River.<\/p>\n\n\n\n<figure class=\"wp-block-image size-large\"><img loading=\"lazy\" decoding=\"async\" width=\"789\" height=\"666\" src=\"https:\/\/tourisme.iledorleans.com\/wp-content\/uploads\/2020\/07\/rpcq_bien_93521_266544.jpg\" alt=\"Ile d'Orl\u00e9ans\" class=\"wp-image-5818\" srcset=\"https:\/\/tourisme.iledorleans.com\/wp-content\/uploads\/2020\/07\/rpcq_bien_93521_266544.jpg 789w, https:\/\/tourisme.iledorleans.com\/wp-content\/uploads\/2020\/07\/rpcq_bien_93521_266544-300x253.jpg 300w, https:\/\/tourisme.iledorleans.com\/wp-content\/uploads\/2020\/07\/rpcq_bien_93521_266544-768x648.jpg 768w, https:\/\/tourisme.iledorleans.com\/wp-content\/uploads\/2020\/07\/rpcq_bien_93521_266544-640x540.jpg 640w, https:\/\/tourisme.iledorleans.com\/wp-content\/uploads\/2020\/07\/rpcq_bien_93521_266544-335x283.jpg 335w, https:\/\/tourisme.iledorleans.com\/wp-content\/uploads\/2020\/07\/rpcq_bien_93521_266544-670x566.jpg 670w\" sizes=\"auto, (max-width: 789px) 100vw, 789px\" \/><figcaption>rpcq_bien_93521_266544<\/figcaption><\/figure>\n\n\n\n<p>Agriculture has always been the dominant activity on the island, marked by dairy, fruit and vegetable production as well as maple products. Even today, agriculture occupies almost 95% of the territory. <\/p>\n\n\n\n<p>Old houses, agricultural outbuildings, resort residences, contemporary constructions, village cores, coves, coastal wetlands, woods and escarpments also enliven these rural landscapes.<\/p>\n\n\n\n<h2 class=\"wp-block-heading\">A declared heritage site<\/h2>\n\n\n\n<p>The \u00cele d\u00b4Orl\u00e9ans heritage site is one of the first settlements in the St. Lawrence Valley. By the emigration of its population, from 1680, the island was the cradle of many families of the French-speaking world of America. The 300 families from France who settled there in the 17th century now have more than 100,000 descendants in North America. <\/p>\n\n\n\n<p>Before the arrival of Europeans, the \u00cele d\u00b4Orl\u00e9ans had long been frequented by Native Americans. Their presence dates back approximately 5,000 years. <\/p>\n\n\n\n<p>Declared a heritage site in 1970, \u00cele d\u00b4Orl\u00e9ans is of interest for its historical, landscape, architectural, archaeological, emblematic and identity values. The \u00cele d&#8217;Orl\u00e9ans heritage site has some 3,600 buildings, of which 19 are listed as heritage buildings. It also has several archaeological sites.<\/p>\n\n\n\n<p>For more information on this subject, consult the web site&nbsp;<a href=\"http:\/\/www.patrimoine-culturel.gouv.qc.ca\/rpcq\/detail.do?methode=consulter&amp;id=93521&amp;type=bien#.Xwi-PG1KhhE\" target=\"_blank\" rel=\"noreferrer noopener\">R\u00e9pertoire du patrimoine culturel du Qu\u00e9bec<\/a>.<\/p>\n","protected":false},"excerpt":{"rendered":"\u00cele d&#8217;Orl\u00e9ans is located downstream from Quebec City, in the estuary of the St. Lawrence River. It is surrounded by Chemin Royal, which links its six municipalities. Three roads cross it in width. \u00cele d&#8217;Orl\u00e9ans is a rural area that covers almost the entire island, which is approximately 34 km long and 8 km wide&#8230;. <a class=\"view-article\" href=\"https:\/\/tourisme.iledorleans.com\/en\/ile-dorleans\/\">View Article<\/a>","protected":false},"author":1,"featured_media":2883,"parent":0,"menu_order":0,"comment_status":"closed","ping_status":"closed","template":"","meta":{"_acf_changed":false,"inline_featured_image":false,"footnotes":""},"class_list":["post-5708","page","type-page","status-publish","has-post-thumbnail","hentry"],"acf":[],"yoast_head":"<!-- This site is optimized with the Yoast SEO plugin v26.3 - https:\/\/yoast.com\/wordpress\/plugins\/seo\/ -->\n<title>Ile d&#039;Orl\u00e9ans - \u00cele d&#039;Orl\u00e9ans<\/title>\n<meta name=\"robots\" content=\"index, follow, max-snippet:-1, max-image-preview:large, max-video-preview:-1\" \/>\n<link rel=\"canonical\" href=\"https:\/\/tourisme.iledorleans.com\/en\/ile-dorleans\/\" \/>\n<meta property=\"og:locale\" content=\"en_US\" \/>\n<meta property=\"og:type\" content=\"article\" \/>\n<meta property=\"og:title\" content=\"Ile d&#039;Orl\u00e9ans - \u00cele d&#039;Orl\u00e9ans\" \/>\n<meta property=\"og:description\" content=\"\u00cele d&#8217;Orl\u00e9ans is located downstream from Quebec City, in the estuary of the St. Lawrence River. It is surrounded by Chemin Royal, which links its six municipalities. Three roads cross it in width. \u00cele d&#8217;Orl\u00e9ans is a rural area that covers almost the entire island, which is approximately 34 km long and 8 km wide.... View Article\" \/>\n<meta property=\"og:url\" content=\"https:\/\/tourisme.iledorleans.com\/en\/ile-dorleans\/\" \/>\n<meta property=\"og:site_name\" content=\"\u00cele d&#039;Orl\u00e9ans\" \/>\n<meta property=\"article:modified_time\" content=\"2023-01-09T20:55:44+00:00\" \/>\n<meta property=\"og:image\" content=\"https:\/\/tourisme.iledorleans.com\/wp-content\/uploads\/2019\/12\/IMG_2174.jpg\" \/>\n\t<meta property=\"og:image:width\" content=\"2560\" \/>\n\t<meta property=\"og:image:height\" content=\"1323\" \/>\n\t<meta property=\"og:image:type\" content=\"image\/jpeg\" \/>\n<meta name=\"twitter:card\" content=\"summary_large_image\" \/>\n<meta name=\"twitter:label1\" content=\"Est. reading time\" \/>\n\t<meta name=\"twitter:data1\" content=\"2 minutes\" \/>\n<script type=\"application\/ld+json\" class=\"yoast-schema-graph\">{\"@context\":\"https:\/\/schema.org\",\"@graph\":[{\"@type\":\"WebPage\",\"@id\":\"https:\/\/tourisme.iledorleans.com\/en\/ile-dorleans\/\",\"url\":\"https:\/\/tourisme.iledorleans.com\/en\/ile-dorleans\/\",\"name\":\"Ile d'Orl\u00e9ans - \u00cele d&#039;Orl\u00e9ans\",\"isPartOf\":{\"@id\":\"https:\/\/tourisme.iledorleans.com\/en\/#website\"},\"primaryImageOfPage\":{\"@id\":\"https:\/\/tourisme.iledorleans.com\/en\/ile-dorleans\/#primaryimage\"},\"image\":{\"@id\":\"https:\/\/tourisme.iledorleans.com\/en\/ile-dorleans\/#primaryimage\"},\"thumbnailUrl\":\"https:\/\/tourisme.iledorleans.com\/wp-content\/uploads\/2019\/12\/IMG_2174.jpg\",\"datePublished\":\"2020-06-22T14:03:06+00:00\",\"dateModified\":\"2023-01-09T20:55:44+00:00\",\"breadcrumb\":{\"@id\":\"https:\/\/tourisme.iledorleans.com\/en\/ile-dorleans\/#breadcrumb\"},\"inLanguage\":\"en-US\",\"potentialAction\":[{\"@type\":\"ReadAction\",\"target\":[\"https:\/\/tourisme.iledorleans.com\/en\/ile-dorleans\/\"]}]},{\"@type\":\"ImageObject\",\"inLanguage\":\"en-US\",\"@id\":\"https:\/\/tourisme.iledorleans.com\/en\/ile-dorleans\/#primaryimage\",\"url\":\"https:\/\/tourisme.iledorleans.com\/wp-content\/uploads\/2019\/12\/IMG_2174.jpg\",\"contentUrl\":\"https:\/\/tourisme.iledorleans.com\/wp-content\/uploads\/2019\/12\/IMG_2174.jpg\",\"width\":2560,\"height\":1323},{\"@type\":\"BreadcrumbList\",\"@id\":\"https:\/\/tourisme.iledorleans.com\/en\/ile-dorleans\/#breadcrumb\",\"itemListElement\":[{\"@type\":\"ListItem\",\"position\":1,\"name\":\"Accueil\",\"item\":\"https:\/\/tourisme.iledorleans.com\/en\/\"},{\"@type\":\"ListItem\",\"position\":2,\"name\":\"Ile d&rsquo;Orl\u00e9ans\"}]},{\"@type\":\"WebSite\",\"@id\":\"https:\/\/tourisme.iledorleans.com\/en\/#website\",\"url\":\"https:\/\/tourisme.iledorleans.com\/en\/\",\"name\":\"\u00cele d&#039;Orl\u00e9ans\",\"description\":\"\",\"potentialAction\":[{\"@type\":\"SearchAction\",\"target\":{\"@type\":\"EntryPoint\",\"urlTemplate\":\"https:\/\/tourisme.iledorleans.com\/en\/?s={search_term_string}\"},\"query-input\":{\"@type\":\"PropertyValueSpecification\",\"valueRequired\":true,\"valueName\":\"search_term_string\"}}],\"inLanguage\":\"en-US\"}]}<\/script>\n<!-- \/ Yoast SEO plugin. -->","yoast_head_json":{"title":"Ile d'Orl\u00e9ans - \u00cele d&#039;Orl\u00e9ans","robots":{"index":"index","follow":"follow","max-snippet":"max-snippet:-1","max-image-preview":"max-image-preview:large","max-video-preview":"max-video-preview:-1"},"canonical":"https:\/\/tourisme.iledorleans.com\/en\/ile-dorleans\/","og_locale":"en_US","og_type":"article","og_title":"Ile d'Orl\u00e9ans - \u00cele d&#039;Orl\u00e9ans","og_description":"\u00cele d&#8217;Orl\u00e9ans is located downstream from Quebec City, in the estuary of the St. Lawrence River. It is surrounded by Chemin Royal, which links its six municipalities. Three roads cross it in width. \u00cele d&#8217;Orl\u00e9ans is a rural area that covers almost the entire island, which is approximately 34 km long and 8 km wide.... View Article","og_url":"https:\/\/tourisme.iledorleans.com\/en\/ile-dorleans\/","og_site_name":"\u00cele d&#039;Orl\u00e9ans","article_modified_time":"2023-01-09T20:55:44+00:00","og_image":[{"width":2560,"height":1323,"url":"https:\/\/tourisme.iledorleans.com\/wp-content\/uploads\/2019\/12\/IMG_2174.jpg","type":"image\/jpeg"}],"twitter_card":"summary_large_image","twitter_misc":{"Est. reading time":"2 minutes"},"schema":{"@context":"https:\/\/schema.org","@graph":[{"@type":"WebPage","@id":"https:\/\/tourisme.iledorleans.com\/en\/ile-dorleans\/","url":"https:\/\/tourisme.iledorleans.com\/en\/ile-dorleans\/","name":"Ile d'Orl\u00e9ans - \u00cele d&#039;Orl\u00e9ans","isPartOf":{"@id":"https:\/\/tourisme.iledorleans.com\/en\/#website"},"primaryImageOfPage":{"@id":"https:\/\/tourisme.iledorleans.com\/en\/ile-dorleans\/#primaryimage"},"image":{"@id":"https:\/\/tourisme.iledorleans.com\/en\/ile-dorleans\/#primaryimage"},"thumbnailUrl":"https:\/\/tourisme.iledorleans.com\/wp-content\/uploads\/2019\/12\/IMG_2174.jpg","datePublished":"2020-06-22T14:03:06+00:00","dateModified":"2023-01-09T20:55:44+00:00","breadcrumb":{"@id":"https:\/\/tourisme.iledorleans.com\/en\/ile-dorleans\/#breadcrumb"},"inLanguage":"en-US","potentialAction":[{"@type":"ReadAction","target":["https:\/\/tourisme.iledorleans.com\/en\/ile-dorleans\/"]}]},{"@type":"ImageObject","inLanguage":"en-US","@id":"https:\/\/tourisme.iledorleans.com\/en\/ile-dorleans\/#primaryimage","url":"https:\/\/tourisme.iledorleans.com\/wp-content\/uploads\/2019\/12\/IMG_2174.jpg","contentUrl":"https:\/\/tourisme.iledorleans.com\/wp-content\/uploads\/2019\/12\/IMG_2174.jpg","width":2560,"height":1323},{"@type":"BreadcrumbList","@id":"https:\/\/tourisme.iledorleans.com\/en\/ile-dorleans\/#breadcrumb","itemListElement":[{"@type":"ListItem","position":1,"name":"Accueil","item":"https:\/\/tourisme.iledorleans.com\/en\/"},{"@type":"ListItem","position":2,"name":"Ile d&rsquo;Orl\u00e9ans"}]},{"@type":"WebSite","@id":"https:\/\/tourisme.iledorleans.com\/en\/#website","url":"https:\/\/tourisme.iledorleans.com\/en\/","name":"\u00cele d&#039;Orl\u00e9ans","description":"","potentialAction":[{"@type":"SearchAction","target":{"@type":"EntryPoint","urlTemplate":"https:\/\/tourisme.iledorleans.com\/en\/?s={search_term_string}"},"query-input":{"@type":"PropertyValueSpecification","valueRequired":true,"valueName":"search_term_string"}}],"inLanguage":"en-US"}]}},"_links":{"self":[{"href":"https:\/\/tourisme.iledorleans.com\/en\/wp-json\/wp\/v2\/pages\/5708","targetHints":{"allow":["GET"]}}],"collection":[{"href":"https:\/\/tourisme.iledorleans.com\/en\/wp-json\/wp\/v2\/pages"}],"about":[{"href":"https:\/\/tourisme.iledorleans.com\/en\/wp-json\/wp\/v2\/types\/page"}],"author":[{"embeddable":true,"href":"https:\/\/tourisme.iledorleans.com\/en\/wp-json\/wp\/v2\/users\/1"}],"replies":[{"embeddable":true,"href":"https:\/\/tourisme.iledorleans.com\/en\/wp-json\/wp\/v2\/comments?post=5708"}],"version-history":[{"count":4,"href":"https:\/\/tourisme.iledorleans.com\/en\/wp-json\/wp\/v2\/pages\/5708\/revisions"}],"predecessor-version":[{"id":7816,"href":"https:\/\/tourisme.iledorleans.com\/en\/wp-json\/wp\/v2\/pages\/5708\/revisions\/7816"}],"wp:featuredmedia":[{"embeddable":true,"href":"https:\/\/tourisme.iledorleans.com\/en\/wp-json\/wp\/v2\/media\/2883"}],"wp:attachment":[{"href":"https:\/\/tourisme.iledorleans.com\/en\/wp-json\/wp\/v2\/media?parent=5708"}],"curies":[{"name":"wp","href":"https:\/\/api.w.org\/{rel}","templated":true}]}}