{"id":4763,"date":"2020-03-04T17:23:43","date_gmt":"2020-03-04T17:23:43","guid":{"rendered":"https:\/\/tourisme.iledorleans.com\/?page_id=4763"},"modified":"2026-03-06T14:36:39","modified_gmt":"2026-03-06T14:36:39","slug":"where-to-eat","status":"publish","type":"page","link":"https:\/\/tourisme.iledorleans.com\/en\/where-to-eat\/","title":{"rendered":"Where to eat"},"content":{"rendered":"\n<h2 class=\"wp-block-heading\">Savor the gourmet island tradition<\/h2>\n\n\n\n<p>Taking advantage of fertile soil, \u00cele d&#8217;Orl\u00e9ans enjoys a wide variety of production. With its vineyards, orchards and fields of vegetables, it was and remains the garden of Quebec City.<\/p>\n\n\n\n<p>A true reflection of the Orl\u00e9anais, the agrifood products of \u00cele d&#8217;Orl\u00e9ans enjoy an ever-increasing reputation for quality and authenticity.  \u00cele d&#8217;Orl\u00e9ans offers a wealth of tasting places, picnic areas and good restaurants, many of which offer breathtaking views of the St. Lawrence River.<\/p>\n\n\n\n<div style=\"height:47px\" aria-hidden=\"true\" class=\"wp-block-spacer\"><\/div>\n\n\n\n<p>To consult the opening hours of the restaurants mentioned below:<\/p>\n","protected":false},"excerpt":{"rendered":"Savor the gourmet island tradition Taking advantage of fertile soil, \u00cele d&#8217;Orl\u00e9ans enjoys a wide variety of production. With its vineyards, orchards and fields of vegetables, it was and remains the garden of Quebec City. A true reflection of the Orl\u00e9anais, the agrifood products of \u00cele d&#8217;Orl\u00e9ans enjoy an ever-increasing reputation for quality and authenticity&#8230;. <a class=\"view-article\" href=\"https:\/\/tourisme.iledorleans.com\/en\/where-to-eat\/\">View Article<\/a>","protected":false},"author":3,"featured_media":3052,"parent":0,"menu_order":0,"comment_status":"closed","ping_status":"closed","template":"page-theme.php","meta":{"_acf_changed":false,"inline_featured_image":false,"footnotes":""},"class_list":["post-4763","page","type-page","status-publish","has-post-thumbnail","hentry"],"acf":[],"yoast_head":"<!-- This site is optimized with the Yoast SEO plugin v26.3 - https:\/\/yoast.com\/wordpress\/plugins\/seo\/ -->\n<title>Where to eat - \u00cele d&#039;Orl\u00e9ans<\/title>\n<meta name=\"robots\" content=\"index, follow, max-snippet:-1, max-image-preview:large, max-video-preview:-1\" \/>\n<link rel=\"canonical\" href=\"https:\/\/tourisme.iledorleans.com\/en\/where-to-eat\/\" \/>\n<meta property=\"og:locale\" content=\"en_US\" \/>\n<meta property=\"og:type\" content=\"article\" \/>\n<meta property=\"og:title\" content=\"Where to eat - \u00cele d&#039;Orl\u00e9ans\" \/>\n<meta property=\"og:description\" content=\"Savor the gourmet island tradition Taking advantage of fertile soil, \u00cele d&#8217;Orl\u00e9ans enjoys a wide variety of production. With its vineyards, orchards and fields of vegetables, it was and remains the garden of Quebec City. A true reflection of the Orl\u00e9anais, the agrifood products of \u00cele d&#8217;Orl\u00e9ans enjoy an ever-increasing reputation for quality and authenticity.... View Article\" \/>\n<meta property=\"og:url\" content=\"https:\/\/tourisme.iledorleans.com\/en\/where-to-eat\/\" \/>\n<meta property=\"og:site_name\" content=\"\u00cele d&#039;Orl\u00e9ans\" \/>\n<meta property=\"article:modified_time\" content=\"2026-03-06T14:36:39+00:00\" \/>\n<meta property=\"og:image\" content=\"https:\/\/tourisme.iledorleans.com\/wp-content\/uploads\/2020\/01\/Vignoble-StePetronille_Felix-Renaud.jpg\" \/>\n\t<meta property=\"og:image:width\" content=\"2000\" \/>\n\t<meta property=\"og:image:height\" content=\"1333\" \/>\n\t<meta property=\"og:image:type\" content=\"image\/jpeg\" \/>\n<meta name=\"twitter:card\" content=\"summary_large_image\" \/>\n<meta name=\"twitter:label1\" content=\"Est. reading time\" \/>\n\t<meta name=\"twitter:data1\" content=\"1 minute\" \/>\n<script type=\"application\/ld+json\" class=\"yoast-schema-graph\">{\"@context\":\"https:\/\/schema.org\",\"@graph\":[{\"@type\":\"WebPage\",\"@id\":\"https:\/\/tourisme.iledorleans.com\/en\/where-to-eat\/\",\"url\":\"https:\/\/tourisme.iledorleans.com\/en\/where-to-eat\/\",\"name\":\"Where to eat - \u00cele d&#039;Orl\u00e9ans\",\"isPartOf\":{\"@id\":\"https:\/\/tourisme.iledorleans.com\/en\/#website\"},\"primaryImageOfPage\":{\"@id\":\"https:\/\/tourisme.iledorleans.com\/en\/where-to-eat\/#primaryimage\"},\"image\":{\"@id\":\"https:\/\/tourisme.iledorleans.com\/en\/where-to-eat\/#primaryimage\"},\"thumbnailUrl\":\"https:\/\/tourisme.iledorleans.com\/wp-content\/uploads\/2020\/01\/Vignoble-StePetronille_Felix-Renaud.jpg\",\"datePublished\":\"2020-03-04T17:23:43+00:00\",\"dateModified\":\"2026-03-06T14:36:39+00:00\",\"breadcrumb\":{\"@id\":\"https:\/\/tourisme.iledorleans.com\/en\/where-to-eat\/#breadcrumb\"},\"inLanguage\":\"en-US\",\"potentialAction\":[{\"@type\":\"ReadAction\",\"target\":[\"https:\/\/tourisme.iledorleans.com\/en\/where-to-eat\/\"]}]},{\"@type\":\"ImageObject\",\"inLanguage\":\"en-US\",\"@id\":\"https:\/\/tourisme.iledorleans.com\/en\/where-to-eat\/#primaryimage\",\"url\":\"https:\/\/tourisme.iledorleans.com\/wp-content\/uploads\/2020\/01\/Vignoble-StePetronille_Felix-Renaud.jpg\",\"contentUrl\":\"https:\/\/tourisme.iledorleans.com\/wp-content\/uploads\/2020\/01\/Vignoble-StePetronille_Felix-Renaud.jpg\",\"width\":2000,\"height\":1333},{\"@type\":\"BreadcrumbList\",\"@id\":\"https:\/\/tourisme.iledorleans.com\/en\/where-to-eat\/#breadcrumb\",\"itemListElement\":[{\"@type\":\"ListItem\",\"position\":1,\"name\":\"Accueil\",\"item\":\"https:\/\/tourisme.iledorleans.com\/en\/\"},{\"@type\":\"ListItem\",\"position\":2,\"name\":\"Where to eat\"}]},{\"@type\":\"WebSite\",\"@id\":\"https:\/\/tourisme.iledorleans.com\/en\/#website\",\"url\":\"https:\/\/tourisme.iledorleans.com\/en\/\",\"name\":\"\u00cele d&#039;Orl\u00e9ans\",\"description\":\"\",\"potentialAction\":[{\"@type\":\"SearchAction\",\"target\":{\"@type\":\"EntryPoint\",\"urlTemplate\":\"https:\/\/tourisme.iledorleans.com\/en\/?s={search_term_string}\"},\"query-input\":{\"@type\":\"PropertyValueSpecification\",\"valueRequired\":true,\"valueName\":\"search_term_string\"}}],\"inLanguage\":\"en-US\"}]}<\/script>\n<!-- \/ Yoast SEO plugin. -->","yoast_head_json":{"title":"Where to eat - \u00cele d&#039;Orl\u00e9ans","robots":{"index":"index","follow":"follow","max-snippet":"max-snippet:-1","max-image-preview":"max-image-preview:large","max-video-preview":"max-video-preview:-1"},"canonical":"https:\/\/tourisme.iledorleans.com\/en\/where-to-eat\/","og_locale":"en_US","og_type":"article","og_title":"Where to eat - \u00cele d&#039;Orl\u00e9ans","og_description":"Savor the gourmet island tradition Taking advantage of fertile soil, \u00cele d&#8217;Orl\u00e9ans enjoys a wide variety of production. With its vineyards, orchards and fields of vegetables, it was and remains the garden of Quebec City. A true reflection of the Orl\u00e9anais, the agrifood products of \u00cele d&#8217;Orl\u00e9ans enjoy an ever-increasing reputation for quality and authenticity.... View Article","og_url":"https:\/\/tourisme.iledorleans.com\/en\/where-to-eat\/","og_site_name":"\u00cele d&#039;Orl\u00e9ans","article_modified_time":"2026-03-06T14:36:39+00:00","og_image":[{"width":2000,"height":1333,"url":"https:\/\/tourisme.iledorleans.com\/wp-content\/uploads\/2020\/01\/Vignoble-StePetronille_Felix-Renaud.jpg","type":"image\/jpeg"}],"twitter_card":"summary_large_image","twitter_misc":{"Est. reading time":"1 minute"},"schema":{"@context":"https:\/\/schema.org","@graph":[{"@type":"WebPage","@id":"https:\/\/tourisme.iledorleans.com\/en\/where-to-eat\/","url":"https:\/\/tourisme.iledorleans.com\/en\/where-to-eat\/","name":"Where to eat - \u00cele d&#039;Orl\u00e9ans","isPartOf":{"@id":"https:\/\/tourisme.iledorleans.com\/en\/#website"},"primaryImageOfPage":{"@id":"https:\/\/tourisme.iledorleans.com\/en\/where-to-eat\/#primaryimage"},"image":{"@id":"https:\/\/tourisme.iledorleans.com\/en\/where-to-eat\/#primaryimage"},"thumbnailUrl":"https:\/\/tourisme.iledorleans.com\/wp-content\/uploads\/2020\/01\/Vignoble-StePetronille_Felix-Renaud.jpg","datePublished":"2020-03-04T17:23:43+00:00","dateModified":"2026-03-06T14:36:39+00:00","breadcrumb":{"@id":"https:\/\/tourisme.iledorleans.com\/en\/where-to-eat\/#breadcrumb"},"inLanguage":"en-US","potentialAction":[{"@type":"ReadAction","target":["https:\/\/tourisme.iledorleans.com\/en\/where-to-eat\/"]}]},{"@type":"ImageObject","inLanguage":"en-US","@id":"https:\/\/tourisme.iledorleans.com\/en\/where-to-eat\/#primaryimage","url":"https:\/\/tourisme.iledorleans.com\/wp-content\/uploads\/2020\/01\/Vignoble-StePetronille_Felix-Renaud.jpg","contentUrl":"https:\/\/tourisme.iledorleans.com\/wp-content\/uploads\/2020\/01\/Vignoble-StePetronille_Felix-Renaud.jpg","width":2000,"height":1333},{"@type":"BreadcrumbList","@id":"https:\/\/tourisme.iledorleans.com\/en\/where-to-eat\/#breadcrumb","itemListElement":[{"@type":"ListItem","position":1,"name":"Accueil","item":"https:\/\/tourisme.iledorleans.com\/en\/"},{"@type":"ListItem","position":2,"name":"Where to eat"}]},{"@type":"WebSite","@id":"https:\/\/tourisme.iledorleans.com\/en\/#website","url":"https:\/\/tourisme.iledorleans.com\/en\/","name":"\u00cele d&#039;Orl\u00e9ans","description":"","potentialAction":[{"@type":"SearchAction","target":{"@type":"EntryPoint","urlTemplate":"https:\/\/tourisme.iledorleans.com\/en\/?s={search_term_string}"},"query-input":{"@type":"PropertyValueSpecification","valueRequired":true,"valueName":"search_term_string"}}],"inLanguage":"en-US"}]}},"_links":{"self":[{"href":"https:\/\/tourisme.iledorleans.com\/en\/wp-json\/wp\/v2\/pages\/4763","targetHints":{"allow":["GET"]}}],"collection":[{"href":"https:\/\/tourisme.iledorleans.com\/en\/wp-json\/wp\/v2\/pages"}],"about":[{"href":"https:\/\/tourisme.iledorleans.com\/en\/wp-json\/wp\/v2\/types\/page"}],"author":[{"embeddable":true,"href":"https:\/\/tourisme.iledorleans.com\/en\/wp-json\/wp\/v2\/users\/3"}],"replies":[{"embeddable":true,"href":"https:\/\/tourisme.iledorleans.com\/en\/wp-json\/wp\/v2\/comments?post=4763"}],"version-history":[{"count":32,"href":"https:\/\/tourisme.iledorleans.com\/en\/wp-json\/wp\/v2\/pages\/4763\/revisions"}],"predecessor-version":[{"id":12459,"href":"https:\/\/tourisme.iledorleans.com\/en\/wp-json\/wp\/v2\/pages\/4763\/revisions\/12459"}],"wp:featuredmedia":[{"embeddable":true,"href":"https:\/\/tourisme.iledorleans.com\/en\/wp-json\/wp\/v2\/media\/3052"}],"wp:attachment":[{"href":"https:\/\/tourisme.iledorleans.com\/en\/wp-json\/wp\/v2\/media?parent=4763"}],"curies":[{"name":"wp","href":"https:\/\/api.w.org\/{rel}","templated":true}]}}