{"id":4737,"date":"2020-03-04T16:54:29","date_gmt":"2020-03-04T16:54:29","guid":{"rendered":"https:\/\/tourisme.iledorleans.com\/?page_id=4737"},"modified":"2026-02-10T19:21:53","modified_gmt":"2026-02-10T19:21:53","slug":"mediashpere","status":"publish","type":"page","link":"https:\/\/tourisme.iledorleans.com\/en\/mediashpere\/","title":{"rendered":"News releases"},"content":{"rendered":"\n<p>\u00cele d&#8217;Orl\u00e9ans is often the subject of articles by travelers, bloggers and journalists. See their favorites and suggestions :<\/p>\n\n\n    <ul class=\"document-list\">\n                    <li class=\"document-list__item\">\n            <a target=\"_blank\" class=\"document-list__title\" href=\"https:\/\/racheloffduty.com\/blog\/quebec-city-summer-itinerary\/\">The Ultimate 3-Day Quebec City Summer Itinerary<\/a>\n            <span class=\"document-list__author\">Rachel Off Duty | 2025-08-23<\/span>\n        <\/li>\n\n                    <li class=\"document-list__item\">\n            <a target=\"_blank\" class=\"document-list__title\" href=\"https:\/\/travellingfoodie.net\/quebec-city-ile-dorleans-foodie-road-trip\/\">Your Taste Buds Will Thank You: Qu\u00e9bec City and \u00cele d\u2019Orl\u00e9ans Foodie Road Trip With A Local Expert<\/a>\n            <span class=\"document-list__author\">Raymond Cua | 2025-07-03<\/span>\n        <\/li>\n\n                    <li class=\"document-list__item\">\n            <a target=\"_blank\" class=\"document-list__title\" href=\"https:\/\/www.quebec-cite.com\/en\/what-to-do-quebec-city\/tour-ile-orleans\">The Best Spots to Visit on a Tour of \u00cele d&#8217;Orl\u00e9ans<\/a>\n            <span class=\"document-list__author\">Quebec City Tourism | 2023-06-12<\/span>\n        <\/li>\n\n                    <li class=\"document-list__item\">\n            <a target=\"_blank\" class=\"document-list__title\" href=\"https:\/\/www.melaniejean.photos\/en\/post\/why-you-should-visit-%C3%AEle-d-orl%C3%A9ans-in-2023?fbclid=IwAR322guu15wiUADGkD5Oqvts17WyiS-nmA2hVDGQHxU7sb48ouTPR6WkHTw\">Why you should visit Orleans Island in 2023<\/a>\n            <span class=\"document-list__author\">M\u00e9lanie Jean | 2023-05-22<\/span>\n        <\/li>\n\n                    <li class=\"document-list__item\">\n            <a target=\"_blank\" class=\"document-list__title\" href=\"https:\/\/www.travelandleisure.com\/food-drink\/ile-dorleans-quebec-city-fall-day-trip\">This Island just 15 minutes outside Quebec City is the perfect gateway<\/a>\n            <span class=\"document-list__author\">Travel + Leisure | Tanvi Chheda | 2019-10-16<\/span>\n        <\/li>\n\n                    <li class=\"document-list__item\">\n            <a target=\"_blank\" class=\"document-list__title\" href=\"https:\/\/www.afar.com\/magazine\/the-hidden-island-just-minutes-from-quebec-city-thats-a-food-lovers-paradise\">The Tiny Island Just Minutes From Qu\u00e9bec City That\u2019s a Food-Lover\u2019s Paradise<\/a>\n            <span class=\"document-list__author\">AFAR | Vanita Salisbury | 2018-06-12<\/span>\n        <\/li>\n\n        <\/ul>\n","protected":false},"excerpt":{"rendered":"\u00cele d&#8217;Orl\u00e9ans is often the subject of articles by travelers, bloggers and journalists. See their favorites and suggestions :","protected":false},"author":3,"featured_media":4753,"parent":0,"menu_order":0,"comment_status":"closed","ping_status":"closed","template":"","meta":{"_acf_changed":false,"inline_featured_image":false,"footnotes":""},"class_list":["post-4737","page","type-page","status-publish","has-post-thumbnail","hentry"],"acf":[],"yoast_head":"<!-- This site is optimized with the Yoast SEO plugin v26.3 - https:\/\/yoast.com\/wordpress\/plugins\/seo\/ -->\n<title>News releases - \u00cele d&#039;Orl\u00e9ans<\/title>\n<meta name=\"robots\" content=\"index, follow, max-snippet:-1, max-image-preview:large, max-video-preview:-1\" \/>\n<link rel=\"canonical\" href=\"https:\/\/tourisme.iledorleans.com\/en\/mediashpere\/\" \/>\n<meta property=\"og:locale\" content=\"en_US\" \/>\n<meta property=\"og:type\" content=\"article\" \/>\n<meta property=\"og:title\" content=\"News releases - \u00cele d&#039;Orl\u00e9ans\" \/>\n<meta property=\"og:description\" content=\"\u00cele d&#8217;Orl\u00e9ans is often the subject of articles by travelers, bloggers and journalists. See their favorites and suggestions :\" \/>\n<meta property=\"og:url\" content=\"https:\/\/tourisme.iledorleans.com\/en\/mediashpere\/\" \/>\n<meta property=\"og:site_name\" content=\"\u00cele d&#039;Orl\u00e9ans\" \/>\n<meta property=\"article:modified_time\" content=\"2026-02-10T19:21:53+00:00\" \/>\n<meta property=\"og:image\" content=\"https:\/\/tourisme.iledorleans.com\/wp-content\/uploads\/2020\/03\/26841144_1244968252303854_3334211617912571849_o-1.jpg\" \/>\n\t<meta property=\"og:image:width\" content=\"2048\" \/>\n\t<meta property=\"og:image:height\" content=\"1096\" \/>\n\t<meta property=\"og:image:type\" content=\"image\/jpeg\" \/>\n<meta name=\"twitter:card\" content=\"summary_large_image\" \/>\n<meta name=\"twitter:label1\" content=\"Est. reading time\" \/>\n\t<meta name=\"twitter:data1\" content=\"1 minute\" \/>\n<script type=\"application\/ld+json\" class=\"yoast-schema-graph\">{\"@context\":\"https:\/\/schema.org\",\"@graph\":[{\"@type\":\"WebPage\",\"@id\":\"https:\/\/tourisme.iledorleans.com\/en\/mediashpere\/\",\"url\":\"https:\/\/tourisme.iledorleans.com\/en\/mediashpere\/\",\"name\":\"News releases - \u00cele d&#039;Orl\u00e9ans\",\"isPartOf\":{\"@id\":\"https:\/\/tourisme.iledorleans.com\/en\/#website\"},\"primaryImageOfPage\":{\"@id\":\"https:\/\/tourisme.iledorleans.com\/en\/mediashpere\/#primaryimage\"},\"image\":{\"@id\":\"https:\/\/tourisme.iledorleans.com\/en\/mediashpere\/#primaryimage\"},\"thumbnailUrl\":\"https:\/\/tourisme.iledorleans.com\/wp-content\/uploads\/2020\/03\/26841144_1244968252303854_3334211617912571849_o-1.jpg\",\"datePublished\":\"2020-03-04T16:54:29+00:00\",\"dateModified\":\"2026-02-10T19:21:53+00:00\",\"breadcrumb\":{\"@id\":\"https:\/\/tourisme.iledorleans.com\/en\/mediashpere\/#breadcrumb\"},\"inLanguage\":\"en-US\",\"potentialAction\":[{\"@type\":\"ReadAction\",\"target\":[\"https:\/\/tourisme.iledorleans.com\/en\/mediashpere\/\"]}]},{\"@type\":\"ImageObject\",\"inLanguage\":\"en-US\",\"@id\":\"https:\/\/tourisme.iledorleans.com\/en\/mediashpere\/#primaryimage\",\"url\":\"https:\/\/tourisme.iledorleans.com\/wp-content\/uploads\/2020\/03\/26841144_1244968252303854_3334211617912571849_o-1.jpg\",\"contentUrl\":\"https:\/\/tourisme.iledorleans.com\/wp-content\/uploads\/2020\/03\/26841144_1244968252303854_3334211617912571849_o-1.jpg\",\"width\":2048,\"height\":1096},{\"@type\":\"BreadcrumbList\",\"@id\":\"https:\/\/tourisme.iledorleans.com\/en\/mediashpere\/#breadcrumb\",\"itemListElement\":[{\"@type\":\"ListItem\",\"position\":1,\"name\":\"Accueil\",\"item\":\"https:\/\/tourisme.iledorleans.com\/en\/\"},{\"@type\":\"ListItem\",\"position\":2,\"name\":\"News releases\"}]},{\"@type\":\"WebSite\",\"@id\":\"https:\/\/tourisme.iledorleans.com\/en\/#website\",\"url\":\"https:\/\/tourisme.iledorleans.com\/en\/\",\"name\":\"\u00cele d&#039;Orl\u00e9ans\",\"description\":\"\",\"potentialAction\":[{\"@type\":\"SearchAction\",\"target\":{\"@type\":\"EntryPoint\",\"urlTemplate\":\"https:\/\/tourisme.iledorleans.com\/en\/?s={search_term_string}\"},\"query-input\":{\"@type\":\"PropertyValueSpecification\",\"valueRequired\":true,\"valueName\":\"search_term_string\"}}],\"inLanguage\":\"en-US\"}]}<\/script>\n<!-- \/ Yoast SEO plugin. -->","yoast_head_json":{"title":"News releases - \u00cele d&#039;Orl\u00e9ans","robots":{"index":"index","follow":"follow","max-snippet":"max-snippet:-1","max-image-preview":"max-image-preview:large","max-video-preview":"max-video-preview:-1"},"canonical":"https:\/\/tourisme.iledorleans.com\/en\/mediashpere\/","og_locale":"en_US","og_type":"article","og_title":"News releases - \u00cele d&#039;Orl\u00e9ans","og_description":"\u00cele d&#8217;Orl\u00e9ans is often the subject of articles by travelers, bloggers and journalists. See their favorites and suggestions :","og_url":"https:\/\/tourisme.iledorleans.com\/en\/mediashpere\/","og_site_name":"\u00cele d&#039;Orl\u00e9ans","article_modified_time":"2026-02-10T19:21:53+00:00","og_image":[{"width":2048,"height":1096,"url":"https:\/\/tourisme.iledorleans.com\/wp-content\/uploads\/2020\/03\/26841144_1244968252303854_3334211617912571849_o-1.jpg","type":"image\/jpeg"}],"twitter_card":"summary_large_image","twitter_misc":{"Est. reading time":"1 minute"},"schema":{"@context":"https:\/\/schema.org","@graph":[{"@type":"WebPage","@id":"https:\/\/tourisme.iledorleans.com\/en\/mediashpere\/","url":"https:\/\/tourisme.iledorleans.com\/en\/mediashpere\/","name":"News releases - \u00cele d&#039;Orl\u00e9ans","isPartOf":{"@id":"https:\/\/tourisme.iledorleans.com\/en\/#website"},"primaryImageOfPage":{"@id":"https:\/\/tourisme.iledorleans.com\/en\/mediashpere\/#primaryimage"},"image":{"@id":"https:\/\/tourisme.iledorleans.com\/en\/mediashpere\/#primaryimage"},"thumbnailUrl":"https:\/\/tourisme.iledorleans.com\/wp-content\/uploads\/2020\/03\/26841144_1244968252303854_3334211617912571849_o-1.jpg","datePublished":"2020-03-04T16:54:29+00:00","dateModified":"2026-02-10T19:21:53+00:00","breadcrumb":{"@id":"https:\/\/tourisme.iledorleans.com\/en\/mediashpere\/#breadcrumb"},"inLanguage":"en-US","potentialAction":[{"@type":"ReadAction","target":["https:\/\/tourisme.iledorleans.com\/en\/mediashpere\/"]}]},{"@type":"ImageObject","inLanguage":"en-US","@id":"https:\/\/tourisme.iledorleans.com\/en\/mediashpere\/#primaryimage","url":"https:\/\/tourisme.iledorleans.com\/wp-content\/uploads\/2020\/03\/26841144_1244968252303854_3334211617912571849_o-1.jpg","contentUrl":"https:\/\/tourisme.iledorleans.com\/wp-content\/uploads\/2020\/03\/26841144_1244968252303854_3334211617912571849_o-1.jpg","width":2048,"height":1096},{"@type":"BreadcrumbList","@id":"https:\/\/tourisme.iledorleans.com\/en\/mediashpere\/#breadcrumb","itemListElement":[{"@type":"ListItem","position":1,"name":"Accueil","item":"https:\/\/tourisme.iledorleans.com\/en\/"},{"@type":"ListItem","position":2,"name":"News releases"}]},{"@type":"WebSite","@id":"https:\/\/tourisme.iledorleans.com\/en\/#website","url":"https:\/\/tourisme.iledorleans.com\/en\/","name":"\u00cele d&#039;Orl\u00e9ans","description":"","potentialAction":[{"@type":"SearchAction","target":{"@type":"EntryPoint","urlTemplate":"https:\/\/tourisme.iledorleans.com\/en\/?s={search_term_string}"},"query-input":{"@type":"PropertyValueSpecification","valueRequired":true,"valueName":"search_term_string"}}],"inLanguage":"en-US"}]}},"_links":{"self":[{"href":"https:\/\/tourisme.iledorleans.com\/en\/wp-json\/wp\/v2\/pages\/4737","targetHints":{"allow":["GET"]}}],"collection":[{"href":"https:\/\/tourisme.iledorleans.com\/en\/wp-json\/wp\/v2\/pages"}],"about":[{"href":"https:\/\/tourisme.iledorleans.com\/en\/wp-json\/wp\/v2\/types\/page"}],"author":[{"embeddable":true,"href":"https:\/\/tourisme.iledorleans.com\/en\/wp-json\/wp\/v2\/users\/3"}],"replies":[{"embeddable":true,"href":"https:\/\/tourisme.iledorleans.com\/en\/wp-json\/wp\/v2\/comments?post=4737"}],"version-history":[{"count":27,"href":"https:\/\/tourisme.iledorleans.com\/en\/wp-json\/wp\/v2\/pages\/4737\/revisions"}],"predecessor-version":[{"id":12261,"href":"https:\/\/tourisme.iledorleans.com\/en\/wp-json\/wp\/v2\/pages\/4737\/revisions\/12261"}],"wp:featuredmedia":[{"embeddable":true,"href":"https:\/\/tourisme.iledorleans.com\/en\/wp-json\/wp\/v2\/media\/4753"}],"wp:attachment":[{"href":"https:\/\/tourisme.iledorleans.com\/en\/wp-json\/wp\/v2\/media?parent=4737"}],"curies":[{"name":"wp","href":"https:\/\/api.w.org\/{rel}","templated":true}]}}