{"id":3856,"date":"2020-02-14T13:48:56","date_gmt":"2020-02-14T13:48:56","guid":{"rendered":"https:\/\/tourisme.iledorleans.com\/?page_id=3856"},"modified":"2026-03-30T17:42:29","modified_gmt":"2026-03-30T17:42:29","slug":"contact-us","status":"publish","type":"page","link":"https:\/\/tourisme.iledorleans.com\/en\/contact-us\/","title":{"rendered":"Contact us"},"content":{"rendered":"\n<p>Whether you are looking for attractions, activities, regional products or artists and artisans of \u00cele d&#8217;Orl\u00e9ans, we will respond to your request with enthusiasm, and welcome you with a smile !<\/p>\n\n\n\n<ul class=\"wp-block-list\">\n<li>Information according to your interests<\/li>\n\n\n\n<li> Consultation of the menus of the various restaurants<\/li>\n\n\n\n<li> Personalized accommodation assistance and on-site or online booking<\/li>\n\n\n\n<li> Free Wi-Fi connection<\/li>\n\n\n\n<li> Development of road layouts<\/li>\n\n\n\n<li> And more\u2026<\/li>\n<\/ul>\n\n\n\n<h3 class=\"wp-block-heading\">Tourist information office of \u00cele d&#8217;Orleans<\/h3>\n\n\n\n<p> 490, C\u00f4te du Pont<br> Saint-Pierre-de-l&#8217;Ile-d&#8217;Orl\u00e9ans<br> (Quebec) G0A 4E0<br> Toll free phone: 1 866 941-9411 or 418 828-9411<br> Email: accueil@iledorleans.com  <\/p>\n\n\n\n<h3 class=\"wp-block-heading\"><strong>Business<\/strong> hours<\/h3>\n\n\n\n<p><strong>January 5 to April 3 :<\/strong> Open Monday to Thursday from 8 a.m. to 4 p.m., Friday from 8 a.m. to 12 p.m., closed Saturday and Sunday.<br><strong>April 4 to May 17 : <\/strong>Open Monday to Friday from 8 a.m. to 4 p.m., Saturday and Sunday from 11 a.m. to 3 p.m.<br><strong>May 18 to June 7 :<\/strong> Open Monday to Friday from 8 a.m. to 4 p.m., Saturday and Sunday from 9 a.m. to 4 p.m.<br><strong>June 8 to August 30 :<\/strong> Open daily from 8 a.m. to 5 p.m.<br><strong>August 31 to September 13 : <\/strong>Open daily from 8 a.m. to 4 p.m.<br><strong>September 14 to September 27 :<\/strong> Open Monday to Friday from 8 a.m. to 4 p.m., Saturday and Sunday from 10 a.m. to 4 p.m. <strong>September 28 to November 1 : <\/strong>Open Monday to Friday from 8 a.m. to 4 p.m., Saturday and Sunday from 11 a.m. to 3 p.m.<br><strong>November 2 to December 22 : <\/strong>Open Monday to Thursday from 8 a.m. to 4 p.m., Friday from 8 a.m. to 12 p.m., closed Saturday and Sunday.<br><strong>December 23, 2026 to January 3, 2027 :<\/strong> Closed<\/p>\n\n\n\n<p><\/p>\n\n\n\n<p><\/p>\n\n\n\n<h3 class=\"wp-block-heading\">Staff of the tourist information office<\/h3>\n\n\n\n<p>Sarah Thibaudeau Cormier, tourist advisor of the tourist information office<\/p>\n\n\n\n<p><\/p>\n\n\n\n<p><\/p>\n","protected":false},"excerpt":{"rendered":"Whether you are looking for attractions, activities, regional products or artists and artisans of \u00cele d&#8217;Orl\u00e9ans, we will respond to your request with enthusiasm, and welcome you with a smile ! Tourist information office of \u00cele d&#8217;Orleans 490, C\u00f4te du Pont Saint-Pierre-de-l&#8217;Ile-d&#8217;Orl\u00e9ans (Quebec) G0A 4E0 Toll free phone: 1 866 941-9411 or 418 828-9411 Email:&#8230; <a class=\"view-article\" href=\"https:\/\/tourisme.iledorleans.com\/en\/contact-us\/\">View Article<\/a>","protected":false},"author":1,"featured_media":4603,"parent":0,"menu_order":0,"comment_status":"closed","ping_status":"closed","template":"","meta":{"_acf_changed":false,"inline_featured_image":false,"footnotes":""},"class_list":["post-3856","page","type-page","status-publish","has-post-thumbnail","hentry"],"acf":[],"yoast_head":"<!-- This site is optimized with the Yoast SEO plugin v26.3 - https:\/\/yoast.com\/wordpress\/plugins\/seo\/ -->\n<title>Contact us - \u00cele d&#039;Orl\u00e9ans<\/title>\n<meta name=\"robots\" content=\"index, follow, max-snippet:-1, max-image-preview:large, max-video-preview:-1\" \/>\n<link rel=\"canonical\" href=\"https:\/\/tourisme.iledorleans.com\/en\/contact-us\/\" \/>\n<meta property=\"og:locale\" content=\"en_US\" \/>\n<meta property=\"og:type\" content=\"article\" \/>\n<meta property=\"og:title\" content=\"Contact us - \u00cele d&#039;Orl\u00e9ans\" \/>\n<meta property=\"og:description\" content=\"Whether you are looking for attractions, activities, regional products or artists and artisans of \u00cele d&#8217;Orl\u00e9ans, we will respond to your request with enthusiasm, and welcome you with a smile ! Tourist information office of \u00cele d&#8217;Orleans 490, C\u00f4te du Pont Saint-Pierre-de-l&#8217;Ile-d&#8217;Orl\u00e9ans (Quebec) G0A 4E0 Toll free phone: 1 866 941-9411 or 418 828-9411 Email:... View Article\" \/>\n<meta property=\"og:url\" content=\"https:\/\/tourisme.iledorleans.com\/en\/contact-us\/\" \/>\n<meta property=\"og:site_name\" content=\"\u00cele d&#039;Orl\u00e9ans\" \/>\n<meta property=\"article:modified_time\" content=\"2026-03-30T17:42:29+00:00\" \/>\n<meta property=\"og:image\" content=\"https:\/\/tourisme.iledorleans.com\/wp-content\/uploads\/2020\/03\/Pont_Cr\u00e9dit-Cl\u00e9ment-Roy-2.jpg\" \/>\n\t<meta property=\"og:image:width\" content=\"2033\" \/>\n\t<meta property=\"og:image:height\" content=\"585\" \/>\n\t<meta property=\"og:image:type\" content=\"image\/jpeg\" \/>\n<meta name=\"twitter:card\" content=\"summary_large_image\" \/>\n<meta name=\"twitter:label1\" content=\"Est. reading time\" \/>\n\t<meta name=\"twitter:data1\" content=\"2 minutes\" \/>\n<script type=\"application\/ld+json\" class=\"yoast-schema-graph\">{\"@context\":\"https:\/\/schema.org\",\"@graph\":[{\"@type\":\"WebPage\",\"@id\":\"https:\/\/tourisme.iledorleans.com\/en\/contact-us\/\",\"url\":\"https:\/\/tourisme.iledorleans.com\/en\/contact-us\/\",\"name\":\"Contact us - \u00cele d&#039;Orl\u00e9ans\",\"isPartOf\":{\"@id\":\"https:\/\/tourisme.iledorleans.com\/en\/#website\"},\"primaryImageOfPage\":{\"@id\":\"https:\/\/tourisme.iledorleans.com\/en\/contact-us\/#primaryimage\"},\"image\":{\"@id\":\"https:\/\/tourisme.iledorleans.com\/en\/contact-us\/#primaryimage\"},\"thumbnailUrl\":\"https:\/\/tourisme.iledorleans.com\/wp-content\/uploads\/2020\/03\/Pont_Cr\u00e9dit-Cl\u00e9ment-Roy-2.jpg\",\"datePublished\":\"2020-02-14T13:48:56+00:00\",\"dateModified\":\"2026-03-30T17:42:29+00:00\",\"breadcrumb\":{\"@id\":\"https:\/\/tourisme.iledorleans.com\/en\/contact-us\/#breadcrumb\"},\"inLanguage\":\"en-US\",\"potentialAction\":[{\"@type\":\"ReadAction\",\"target\":[\"https:\/\/tourisme.iledorleans.com\/en\/contact-us\/\"]}]},{\"@type\":\"ImageObject\",\"inLanguage\":\"en-US\",\"@id\":\"https:\/\/tourisme.iledorleans.com\/en\/contact-us\/#primaryimage\",\"url\":\"https:\/\/tourisme.iledorleans.com\/wp-content\/uploads\/2020\/03\/Pont_Cr\u00e9dit-Cl\u00e9ment-Roy-2.jpg\",\"contentUrl\":\"https:\/\/tourisme.iledorleans.com\/wp-content\/uploads\/2020\/03\/Pont_Cr\u00e9dit-Cl\u00e9ment-Roy-2.jpg\",\"width\":2033,\"height\":585},{\"@type\":\"BreadcrumbList\",\"@id\":\"https:\/\/tourisme.iledorleans.com\/en\/contact-us\/#breadcrumb\",\"itemListElement\":[{\"@type\":\"ListItem\",\"position\":1,\"name\":\"Accueil\",\"item\":\"https:\/\/tourisme.iledorleans.com\/en\/\"},{\"@type\":\"ListItem\",\"position\":2,\"name\":\"Contact us\"}]},{\"@type\":\"WebSite\",\"@id\":\"https:\/\/tourisme.iledorleans.com\/en\/#website\",\"url\":\"https:\/\/tourisme.iledorleans.com\/en\/\",\"name\":\"\u00cele d&#039;Orl\u00e9ans\",\"description\":\"\",\"potentialAction\":[{\"@type\":\"SearchAction\",\"target\":{\"@type\":\"EntryPoint\",\"urlTemplate\":\"https:\/\/tourisme.iledorleans.com\/en\/?s={search_term_string}\"},\"query-input\":{\"@type\":\"PropertyValueSpecification\",\"valueRequired\":true,\"valueName\":\"search_term_string\"}}],\"inLanguage\":\"en-US\"}]}<\/script>\n<!-- \/ Yoast SEO plugin. -->","yoast_head_json":{"title":"Contact us - \u00cele d&#039;Orl\u00e9ans","robots":{"index":"index","follow":"follow","max-snippet":"max-snippet:-1","max-image-preview":"max-image-preview:large","max-video-preview":"max-video-preview:-1"},"canonical":"https:\/\/tourisme.iledorleans.com\/en\/contact-us\/","og_locale":"en_US","og_type":"article","og_title":"Contact us - \u00cele d&#039;Orl\u00e9ans","og_description":"Whether you are looking for attractions, activities, regional products or artists and artisans of \u00cele d&#8217;Orl\u00e9ans, we will respond to your request with enthusiasm, and welcome you with a smile ! Tourist information office of \u00cele d&#8217;Orleans 490, C\u00f4te du Pont Saint-Pierre-de-l&#8217;Ile-d&#8217;Orl\u00e9ans (Quebec) G0A 4E0 Toll free phone: 1 866 941-9411 or 418 828-9411 Email:... View Article","og_url":"https:\/\/tourisme.iledorleans.com\/en\/contact-us\/","og_site_name":"\u00cele d&#039;Orl\u00e9ans","article_modified_time":"2026-03-30T17:42:29+00:00","og_image":[{"width":2033,"height":585,"url":"https:\/\/tourisme.iledorleans.com\/wp-content\/uploads\/2020\/03\/Pont_Cr\u00e9dit-Cl\u00e9ment-Roy-2.jpg","type":"image\/jpeg"}],"twitter_card":"summary_large_image","twitter_misc":{"Est. reading time":"2 minutes"},"schema":{"@context":"https:\/\/schema.org","@graph":[{"@type":"WebPage","@id":"https:\/\/tourisme.iledorleans.com\/en\/contact-us\/","url":"https:\/\/tourisme.iledorleans.com\/en\/contact-us\/","name":"Contact us - \u00cele d&#039;Orl\u00e9ans","isPartOf":{"@id":"https:\/\/tourisme.iledorleans.com\/en\/#website"},"primaryImageOfPage":{"@id":"https:\/\/tourisme.iledorleans.com\/en\/contact-us\/#primaryimage"},"image":{"@id":"https:\/\/tourisme.iledorleans.com\/en\/contact-us\/#primaryimage"},"thumbnailUrl":"https:\/\/tourisme.iledorleans.com\/wp-content\/uploads\/2020\/03\/Pont_Cr\u00e9dit-Cl\u00e9ment-Roy-2.jpg","datePublished":"2020-02-14T13:48:56+00:00","dateModified":"2026-03-30T17:42:29+00:00","breadcrumb":{"@id":"https:\/\/tourisme.iledorleans.com\/en\/contact-us\/#breadcrumb"},"inLanguage":"en-US","potentialAction":[{"@type":"ReadAction","target":["https:\/\/tourisme.iledorleans.com\/en\/contact-us\/"]}]},{"@type":"ImageObject","inLanguage":"en-US","@id":"https:\/\/tourisme.iledorleans.com\/en\/contact-us\/#primaryimage","url":"https:\/\/tourisme.iledorleans.com\/wp-content\/uploads\/2020\/03\/Pont_Cr\u00e9dit-Cl\u00e9ment-Roy-2.jpg","contentUrl":"https:\/\/tourisme.iledorleans.com\/wp-content\/uploads\/2020\/03\/Pont_Cr\u00e9dit-Cl\u00e9ment-Roy-2.jpg","width":2033,"height":585},{"@type":"BreadcrumbList","@id":"https:\/\/tourisme.iledorleans.com\/en\/contact-us\/#breadcrumb","itemListElement":[{"@type":"ListItem","position":1,"name":"Accueil","item":"https:\/\/tourisme.iledorleans.com\/en\/"},{"@type":"ListItem","position":2,"name":"Contact us"}]},{"@type":"WebSite","@id":"https:\/\/tourisme.iledorleans.com\/en\/#website","url":"https:\/\/tourisme.iledorleans.com\/en\/","name":"\u00cele d&#039;Orl\u00e9ans","description":"","potentialAction":[{"@type":"SearchAction","target":{"@type":"EntryPoint","urlTemplate":"https:\/\/tourisme.iledorleans.com\/en\/?s={search_term_string}"},"query-input":{"@type":"PropertyValueSpecification","valueRequired":true,"valueName":"search_term_string"}}],"inLanguage":"en-US"}]}},"_links":{"self":[{"href":"https:\/\/tourisme.iledorleans.com\/en\/wp-json\/wp\/v2\/pages\/3856","targetHints":{"allow":["GET"]}}],"collection":[{"href":"https:\/\/tourisme.iledorleans.com\/en\/wp-json\/wp\/v2\/pages"}],"about":[{"href":"https:\/\/tourisme.iledorleans.com\/en\/wp-json\/wp\/v2\/types\/page"}],"author":[{"embeddable":true,"href":"https:\/\/tourisme.iledorleans.com\/en\/wp-json\/wp\/v2\/users\/1"}],"replies":[{"embeddable":true,"href":"https:\/\/tourisme.iledorleans.com\/en\/wp-json\/wp\/v2\/comments?post=3856"}],"version-history":[{"count":58,"href":"https:\/\/tourisme.iledorleans.com\/en\/wp-json\/wp\/v2\/pages\/3856\/revisions"}],"predecessor-version":[{"id":12510,"href":"https:\/\/tourisme.iledorleans.com\/en\/wp-json\/wp\/v2\/pages\/3856\/revisions\/12510"}],"wp:featuredmedia":[{"embeddable":true,"href":"https:\/\/tourisme.iledorleans.com\/en\/wp-json\/wp\/v2\/media\/4603"}],"wp:attachment":[{"href":"https:\/\/tourisme.iledorleans.com\/en\/wp-json\/wp\/v2\/media?parent=3856"}],"curies":[{"name":"wp","href":"https:\/\/api.w.org\/{rel}","templated":true}]}}